{"id":1865,"date":"2024-05-31T17:14:24","date_gmt":"2024-05-31T20:14:24","guid":{"rendered":"https:\/\/piavepro.com\/?page_id=1865"},"modified":"2024-10-02T16:41:09","modified_gmt":"2024-10-02T19:41:09","slug":"politica-de-privacidade","status":"publish","type":"page","link":"https:\/\/piavepro.com\/en\/politica-de-privacidade\/","title":{"rendered":"Privacy Policy"},"content":{"rendered":"<div data-elementor-type=\"wp-page\" data-elementor-id=\"1865\" class=\"elementor elementor-1865\" data-elementor-post-type=\"page\">\n\t\t\t\t<div class=\"elementor-element elementor-element-44509ba4 e-flex e-con-boxed e-con e-parent\" data-id=\"44509ba4\" data-element_type=\"container\" data-e-type=\"container\" data-settings=\"{&quot;background_background&quot;:&quot;classic&quot;}\">\n\t\t\t\t\t<div class=\"e-con-inner\">\n\t\t\t\t<div class=\"elementor-element elementor-element-15553fd0 elementor-widget elementor-widget-heading\" data-id=\"15553fd0\" data-element_type=\"widget\" data-e-type=\"widget\" data-widget_type=\"heading.default\">\n\t\t\t\t<div class=\"elementor-widget-container\">\n\t\t\t\t\t<h2 class=\"elementor-heading-title elementor-size-default\">Privacy Policy<\/h2>\t\t\t\t<\/div>\n\t\t\t\t<\/div>\n\t\t\t\t<div class=\"elementor-element elementor-element-19ae7309 elementor-icon-list--layout-inline elementor-list-item-link-full_width elementor-widget elementor-widget-icon-list\" data-id=\"19ae7309\" data-element_type=\"widget\" data-e-type=\"widget\" data-widget_type=\"icon-list.default\">\n\t\t\t\t<div class=\"elementor-widget-container\">\n\t\t\t\t\t\t\t<ul class=\"elementor-icon-list-items elementor-inline-items\">\n\t\t\t\t\t\t\t<li class=\"elementor-icon-list-item elementor-inline-item\">\n\t\t\t\t\t\t\t\t\t\t\t<a href=\"https:\/\/piavepro.com\/en\">\n\n\t\t\t\t\t\t\t\t\t\t\t<span class=\"elementor-icon-list-text\">HOME<\/span>\n\t\t\t\t\t\t\t\t\t\t\t<\/a>\n\t\t\t\t\t\t\t\t\t<\/li>\n\t\t\t\t\t\t\t\t<li class=\"elementor-icon-list-item elementor-inline-item\">\n\t\t\t\t\t\t\t\t\t\t<span class=\"elementor-icon-list-text\">Privacy Policy<\/span>\n\t\t\t\t\t\t\t\t\t<\/li>\n\t\t\t\t\t\t<\/ul>\n\t\t\t\t\t\t<\/div>\n\t\t\t\t<\/div>\n\t\t\t\t\t<\/div>\n\t\t\t\t<\/div>\n\t\t<div class=\"elementor-element elementor-element-0f47257 e-flex e-con-boxed e-con e-parent\" data-id=\"0f47257\" data-element_type=\"container\" data-e-type=\"container\">\n\t\t\t\t\t<div class=\"e-con-inner\">\n\t\t\t\t<div class=\"elementor-element elementor-element-ac9c9ff elementor-widget elementor-widget-text-editor\" data-id=\"ac9c9ff\" data-element_type=\"widget\" data-e-type=\"widget\" data-widget_type=\"text-editor.default\">\n\t\t\t\t<div class=\"elementor-widget-container\">\n\t\t\t\t\t\t\t\t\tYour privacy is important to us. It is Piave Cosmetics' policy to respect your privacy regarding any information we may collect from you across the Piave Cosmetics website, and other sites we own and operate.\n\nWe only ask for personal information when we truly need it to provide a service to you. We collect it by fair and lawful means, with your knowledge and consent. We also let you know why we're collecting it and how it will be used.\n\nWe only retain collected information for as long as necessary to provide you with your requested service. What data we store, we'll protect within commercially acceptable means to prevent loss and theft, as well as unauthorized access, disclosure, copying, use or modification.\n\nWe do not share personally identifiable information publicly or with third-parties, except when required to by law.\n\nOur website may link to external sites that are not operated by us. Please be aware that we have no control over the content and practices of these sites, and cannot accept responsibility or liability for their respective privacy policies.\n\nYou are free to refuse our request for your personal information, with the understanding that we may be unable to provide you with some of your desired services.\n\nYour continued use of our website will be regarded as acceptance of our practices around privacy and personal information. If you have any questions about how we handle user data and personal information, feel free to contact us.\n<ul>\n \t<li>The Google AdSense service we use to serve advertising uses a DoubleClick cookie to serve more relevant ads across the web and limit the number of times a particular ad is shown to you.<\/li>\n \t<li>For more information about Google AdSense, see the official Google AdSense Privacy FAQs.<\/li>\n \t<li>We use advertisements to offset the costs of running this site and provide funding for future developments. The behavioral advertising cookies used by this site are designed to guarantee that you provide the most relevant advertisements whenever possible, anonymously tracking your interests and presenting similar things that may be of your interest.<\/li>\n \t<li>Several partners advertise in our names and affiliate tracking cookies simply allow us to see our clients' access to the site through one of our partner sites, so that we can credit them appropriately and, when applicable, allow our affiliate partners to offer Any promotion that may be offered to make a purchase.<\/li>\n<\/ul>\n<h3>User Commitment<\/h3>\nThe user undertakes to make appropriate use of the content and information that Piave Cosmetics offers on the website and, by way of example but not limited to:\n\nA) Not to engage in activities that are illegal or contrary to good faith and public order;\n\nB) Not to disseminate propaganda or content of a racist, xenophobic, kiwibet or gambling nature, any type of illegal pornography, in support of terrorism or against human rights;\n\nC) Not to cause damage to the physical (hardware) and logical (software) systems of Piave Cosmetics, its suppliers or third parties, to introduce or disseminate computer viruses or any other hardware or software systems that are capable of causing the aforementioned damage.\n<h3>More information<\/h3>\nHopefully this is clarified and, as mentioned above, there is something that you are not sure is necessary or, generally, it is safer to leave the cookies activated, if it involves two resources that you use on our site.\t\t\t\t\t\t\t\t<\/div>\n\t\t\t\t<\/div>\n\t\t\t\t\t<\/div>\n\t\t\t\t<\/div>\n\t\t\t\t<\/div>","protected":false},"excerpt":{"rendered":"<p>IN\u00cdCIO A sua privacidade \u00e9 importante para n\u00f3s. \u00c9 pol\u00edtica do Piave Cosmetics respeitar a sua privacidade em rela\u00e7\u00e3o a qualquer informa\u00e7\u00e3o sua que possamos coletar no site Piave Cosmetics, e outros sites que possu\u00edmos e operamos. Solicitamos informa\u00e7\u00f5es pessoais apenas quando realmente precisamos delas para lhe fornecer um servi\u00e7o. Fazemo-lo por meios justos e [&hellip;]<\/p>","protected":false},"author":2,"featured_media":0,"parent":0,"menu_order":0,"comment_status":"closed","ping_status":"closed","template":"","meta":{"footnotes":""},"class_list":["post-1865","page","type-page","status-publish","hentry"],"yoast_head":"<!-- This site is optimized with the Yoast SEO plugin v24.9 - https:\/\/yoast.com\/wordpress\/plugins\/seo\/ -->\n<title>Pol\u00edtica de Privacidade - Piave Cosmetics<\/title>\n<meta name=\"robots\" content=\"index, follow, max-snippet:-1, max-image-preview:large, max-video-preview:-1\" \/>\n<link rel=\"canonical\" href=\"https:\/\/piavepro.com\/en\/wp-json\/wp\/v2\/pages\/1865\" \/>\n<meta property=\"og:locale\" content=\"en_US\" \/>\n<meta property=\"og:type\" content=\"article\" \/>\n<meta property=\"og:title\" content=\"Pol\u00edtica de Privacidade - Piave Cosmetics\" \/>\n<meta property=\"og:description\" content=\"IN\u00cdCIO A sua privacidade \u00e9 importante para n\u00f3s. \u00c9 pol\u00edtica do Piave Cosmetics respeitar a sua privacidade em rela\u00e7\u00e3o a qualquer informa\u00e7\u00e3o sua que possamos coletar no site Piave Cosmetics, e outros sites que possu\u00edmos e operamos. Solicitamos informa\u00e7\u00f5es pessoais apenas quando realmente precisamos delas para lhe fornecer um servi\u00e7o. Fazemo-lo por meios justos e [&hellip;]\" \/>\n<meta property=\"og:url\" content=\"https:\/\/piavepro.com\/en\/politica-de-privacidade\/\" \/>\n<meta property=\"og:site_name\" content=\"Piave Cosmetics\" \/>\n<meta property=\"article:publisher\" content=\"https:\/\/www.facebook.com\/people\/Piave-Cosmetics\/61558217605398\/\" \/>\n<meta property=\"article:modified_time\" content=\"2024-10-02T19:41:09+00:00\" \/>\n<meta name=\"twitter:card\" content=\"summary_large_image\" \/>\n<meta name=\"twitter:label1\" content=\"Est. reading time\" \/>\n\t<meta name=\"twitter:data1\" content=\"4 minutes\" \/>\n<script type=\"application\/ld+json\" class=\"yoast-schema-graph\">{\"@context\":\"https:\/\/schema.org\",\"@graph\":[{\"@type\":\"WebPage\",\"@id\":\"https:\/\/piavepro.com\/politica-de-privacidade\/\",\"url\":\"https:\/\/piavepro.com\/politica-de-privacidade\/\",\"name\":\"Pol\u00edtica de Privacidade - Piave Cosmetics\",\"isPartOf\":{\"@id\":\"https:\/\/piavepro.com\/#website\"},\"datePublished\":\"2024-05-31T20:14:24+00:00\",\"dateModified\":\"2024-10-02T19:41:09+00:00\",\"breadcrumb\":{\"@id\":\"https:\/\/piavepro.com\/politica-de-privacidade\/#breadcrumb\"},\"inLanguage\":\"en-US\",\"potentialAction\":[{\"@type\":\"ReadAction\",\"target\":[\"https:\/\/piavepro.com\/politica-de-privacidade\/\"]}]},{\"@type\":\"BreadcrumbList\",\"@id\":\"https:\/\/piavepro.com\/politica-de-privacidade\/#breadcrumb\",\"itemListElement\":[{\"@type\":\"ListItem\",\"position\":1,\"name\":\"In\u00edcio\",\"item\":\"https:\/\/piavepro.com\/\"},{\"@type\":\"ListItem\",\"position\":2,\"name\":\"Pol\u00edtica de Privacidade\"}]},{\"@type\":\"WebSite\",\"@id\":\"https:\/\/piavepro.com\/#website\",\"url\":\"https:\/\/piavepro.com\/\",\"name\":\"Piave Cosmetics\",\"description\":\"\",\"publisher\":{\"@id\":\"https:\/\/piavepro.com\/#organization\"},\"potentialAction\":[{\"@type\":\"SearchAction\",\"target\":{\"@type\":\"EntryPoint\",\"urlTemplate\":\"https:\/\/piavepro.com\/?s={search_term_string}\"},\"query-input\":{\"@type\":\"PropertyValueSpecification\",\"valueRequired\":true,\"valueName\":\"search_term_string\"}}],\"inLanguage\":\"en-US\"},{\"@type\":\"Organization\",\"@id\":\"https:\/\/piavepro.com\/#organization\",\"name\":\"Piave Cosmetics\",\"url\":\"https:\/\/piavepro.com\/\",\"logo\":{\"@type\":\"ImageObject\",\"inLanguage\":\"en-US\",\"@id\":\"https:\/\/piavepro.com\/#\/schema\/logo\/image\/\",\"url\":\"https:\/\/piavepro.com\/wp-content\/uploads\/2024\/05\/marca-piave.webp\",\"contentUrl\":\"https:\/\/piavepro.com\/wp-content\/uploads\/2024\/05\/marca-piave.webp\",\"width\":224,\"height\":100,\"caption\":\"Piave Cosmetics\"},\"image\":{\"@id\":\"https:\/\/piavepro.com\/#\/schema\/logo\/image\/\"},\"sameAs\":[\"https:\/\/www.facebook.com\/people\/Piave-Cosmetics\/61558217605398\/\",\"https:\/\/www.instagram.com\/piavecosmetics\/\",\"https:\/\/www.tiktok.com\/@piavecosmetics\"]}]}<\/script>\n<!-- \/ Yoast SEO plugin. -->","yoast_head_json":{"title":"Pol\u00edtica de Privacidade - Piave Cosmetics","robots":{"index":"index","follow":"follow","max-snippet":"max-snippet:-1","max-image-preview":"max-image-preview:large","max-video-preview":"max-video-preview:-1"},"canonical":"https:\/\/piavepro.com\/en\/wp-json\/wp\/v2\/pages\/1865","og_locale":"en_US","og_type":"article","og_title":"Pol\u00edtica de Privacidade - Piave Cosmetics","og_description":"IN\u00cdCIO A sua privacidade \u00e9 importante para n\u00f3s. \u00c9 pol\u00edtica do Piave Cosmetics respeitar a sua privacidade em rela\u00e7\u00e3o a qualquer informa\u00e7\u00e3o sua que possamos coletar no site Piave Cosmetics, e outros sites que possu\u00edmos e operamos. Solicitamos informa\u00e7\u00f5es pessoais apenas quando realmente precisamos delas para lhe fornecer um servi\u00e7o. Fazemo-lo por meios justos e [&hellip;]","og_url":"https:\/\/piavepro.com\/en\/politica-de-privacidade\/","og_site_name":"Piave Cosmetics","article_publisher":"https:\/\/www.facebook.com\/people\/Piave-Cosmetics\/61558217605398\/","article_modified_time":"2024-10-02T19:41:09+00:00","twitter_card":"summary_large_image","twitter_misc":{"Est. reading time":"4 minutes"},"schema":{"@context":"https:\/\/schema.org","@graph":[{"@type":"WebPage","@id":"https:\/\/piavepro.com\/politica-de-privacidade\/","url":"https:\/\/piavepro.com\/politica-de-privacidade\/","name":"Pol\u00edtica de Privacidade - Piave Cosmetics","isPartOf":{"@id":"https:\/\/piavepro.com\/#website"},"datePublished":"2024-05-31T20:14:24+00:00","dateModified":"2024-10-02T19:41:09+00:00","breadcrumb":{"@id":"https:\/\/piavepro.com\/politica-de-privacidade\/#breadcrumb"},"inLanguage":"en-US","potentialAction":[{"@type":"ReadAction","target":["https:\/\/piavepro.com\/politica-de-privacidade\/"]}]},{"@type":"BreadcrumbList","@id":"https:\/\/piavepro.com\/politica-de-privacidade\/#breadcrumb","itemListElement":[{"@type":"ListItem","position":1,"name":"In\u00edcio","item":"https:\/\/piavepro.com\/"},{"@type":"ListItem","position":2,"name":"Pol\u00edtica de Privacidade"}]},{"@type":"WebSite","@id":"https:\/\/piavepro.com\/#website","url":"https:\/\/piavepro.com\/","name":"Piave Cosmetics","description":"","publisher":{"@id":"https:\/\/piavepro.com\/#organization"},"potentialAction":[{"@type":"SearchAction","target":{"@type":"EntryPoint","urlTemplate":"https:\/\/piavepro.com\/?s={search_term_string}"},"query-input":{"@type":"PropertyValueSpecification","valueRequired":true,"valueName":"search_term_string"}}],"inLanguage":"en-US"},{"@type":"Organization","@id":"https:\/\/piavepro.com\/#organization","name":"Piave Cosmetics","url":"https:\/\/piavepro.com\/","logo":{"@type":"ImageObject","inLanguage":"en-US","@id":"https:\/\/piavepro.com\/#\/schema\/logo\/image\/","url":"https:\/\/piavepro.com\/wp-content\/uploads\/2024\/05\/marca-piave.webp","contentUrl":"https:\/\/piavepro.com\/wp-content\/uploads\/2024\/05\/marca-piave.webp","width":224,"height":100,"caption":"Piave Cosmetics"},"image":{"@id":"https:\/\/piavepro.com\/#\/schema\/logo\/image\/"},"sameAs":["https:\/\/www.facebook.com\/people\/Piave-Cosmetics\/61558217605398\/","https:\/\/www.instagram.com\/piavecosmetics\/","https:\/\/www.tiktok.com\/@piavecosmetics"]}]}},"_links":{"self":[{"href":"https:\/\/piavepro.com\/en\/wp-json\/wp\/v2\/pages\/1865","targetHints":{"allow":["GET"]}}],"collection":[{"href":"https:\/\/piavepro.com\/en\/wp-json\/wp\/v2\/pages"}],"about":[{"href":"https:\/\/piavepro.com\/en\/wp-json\/wp\/v2\/types\/page"}],"author":[{"embeddable":true,"href":"https:\/\/piavepro.com\/en\/wp-json\/wp\/v2\/users\/2"}],"replies":[{"embeddable":true,"href":"https:\/\/piavepro.com\/en\/wp-json\/wp\/v2\/comments?post=1865"}],"version-history":[{"count":13,"href":"https:\/\/piavepro.com\/en\/wp-json\/wp\/v2\/pages\/1865\/revisions"}],"predecessor-version":[{"id":2467,"href":"https:\/\/piavepro.com\/en\/wp-json\/wp\/v2\/pages\/1865\/revisions\/2467"}],"wp:attachment":[{"href":"https:\/\/piavepro.com\/en\/wp-json\/wp\/v2\/media?parent=1865"}],"curies":[{"name":"wp","href":"https:\/\/api.w.org\/{rel}","templated":true}]}}