{"id":364,"date":"2024-05-17T11:59:03","date_gmt":"2024-05-17T14:59:03","guid":{"rendered":"https:\/\/piavepro.com\/?page_id=364"},"modified":"2024-10-23T21:12:23","modified_gmt":"2024-10-24T00:12:23","slug":"catalogos","status":"publish","type":"page","link":"https:\/\/piavepro.com\/en\/catalogos\/","title":{"rendered":"Catalog"},"content":{"rendered":"<div data-elementor-type=\"wp-page\" data-elementor-id=\"364\" class=\"elementor elementor-364\" data-elementor-post-type=\"page\">\n\t\t\t\t<div class=\"elementor-element elementor-element-98ff361 e-flex e-con-boxed e-con e-parent\" data-id=\"98ff361\" data-element_type=\"container\" data-e-type=\"container\" data-settings=\"{&quot;background_background&quot;:&quot;classic&quot;}\">\n\t\t\t\t\t<div class=\"e-con-inner\">\n\t\t\t\t<div class=\"elementor-element elementor-element-6536f90c elementor-widget elementor-widget-heading\" data-id=\"6536f90c\" data-element_type=\"widget\" data-e-type=\"widget\" data-widget_type=\"heading.default\">\n\t\t\t\t<div class=\"elementor-widget-container\">\n\t\t\t\t\t<h2 class=\"elementor-heading-title elementor-size-default\">Catalog<\/h2>\t\t\t\t<\/div>\n\t\t\t\t<\/div>\n\t\t\t\t<div class=\"elementor-element elementor-element-36be6e59 elementor-icon-list--layout-inline elementor-list-item-link-full_width elementor-widget elementor-widget-icon-list\" data-id=\"36be6e59\" data-element_type=\"widget\" data-e-type=\"widget\" data-widget_type=\"icon-list.default\">\n\t\t\t\t<div class=\"elementor-widget-container\">\n\t\t\t\t\t\t\t<ul class=\"elementor-icon-list-items elementor-inline-items\">\n\t\t\t\t\t\t\t<li class=\"elementor-icon-list-item elementor-inline-item\">\n\t\t\t\t\t\t\t\t\t\t\t<a href=\"https:\/\/piavepro.com\/en\">\n\n\t\t\t\t\t\t\t\t\t\t\t<span class=\"elementor-icon-list-text\">HOME<\/span>\n\t\t\t\t\t\t\t\t\t\t\t<\/a>\n\t\t\t\t\t\t\t\t\t<\/li>\n\t\t\t\t\t\t\t\t<li class=\"elementor-icon-list-item elementor-inline-item\">\n\t\t\t\t\t\t\t\t\t\t<span class=\"elementor-icon-list-text\">Catalog<\/span>\n\t\t\t\t\t\t\t\t\t<\/li>\n\t\t\t\t\t\t<\/ul>\n\t\t\t\t\t\t<\/div>\n\t\t\t\t<\/div>\n\t\t\t\t\t<\/div>\n\t\t\t\t<\/div>\n\t\t<div class=\"elementor-element elementor-element-913b33b e-flex e-con-boxed e-con e-parent\" data-id=\"913b33b\" data-element_type=\"container\" data-e-type=\"container\" data-no-translation=\"\">\n\t\t\t\t\t<div class=\"e-con-inner\">\n\t\t<div class=\"elementor-element elementor-element-3486087 e-con-full e-flex e-con e-child\" data-id=\"3486087\" data-element_type=\"container\" data-e-type=\"container\">\n\t\t\t\t<div class=\"elementor-element elementor-element-258cc23 elementor-widget elementor-widget-image\" data-id=\"258cc23\" data-element_type=\"widget\" data-e-type=\"widget\" data-widget_type=\"image.default\">\n\t\t\t\t<div class=\"elementor-widget-container\">\n\t\t\t\t\t\t\t\t\t\t\t\t\t\t\t\t<a href=\"https:\/\/piavepro.com\/wp-content\/uploads\/2024\/05\/DTM_Piave_Manual_de_Treinamento_V1_BR.pdf\" target=\"_blank\">\n\t\t\t\t\t\t\t<img fetchpriority=\"high\" decoding=\"async\" width=\"1200\" height=\"1622\" src=\"https:\/\/piavepro.com\/wp-content\/uploads\/2024\/09\/capa-DTM_Piave_Manual_de_Treinamento_V1_BR.webp\" class=\"attachment-full size-full wp-image-2175\" alt=\"\" srcset=\"https:\/\/piavepro.com\/wp-content\/uploads\/2024\/09\/capa-DTM_Piave_Manual_de_Treinamento_V1_BR.webp 1200w, https:\/\/piavepro.com\/wp-content\/uploads\/2024\/09\/capa-DTM_Piave_Manual_de_Treinamento_V1_BR-222x300.webp 222w, https:\/\/piavepro.com\/wp-content\/uploads\/2024\/09\/capa-DTM_Piave_Manual_de_Treinamento_V1_BR-758x1024.webp 758w, https:\/\/piavepro.com\/wp-content\/uploads\/2024\/09\/capa-DTM_Piave_Manual_de_Treinamento_V1_BR-768x1038.webp 768w, https:\/\/piavepro.com\/wp-content\/uploads\/2024\/09\/capa-DTM_Piave_Manual_de_Treinamento_V1_BR-1136x1536.webp 1136w, https:\/\/piavepro.com\/wp-content\/uploads\/2024\/09\/capa-DTM_Piave_Manual_de_Treinamento_V1_BR-9x12.webp 9w\" sizes=\"(max-width: 1200px) 100vw, 1200px\" \/>\t\t\t\t\t\t\t\t<\/a>\n\t\t\t\t\t\t\t\t\t\t\t\t\t\t\t<\/div>\n\t\t\t\t<\/div>\n\t\t\t\t<div class=\"elementor-element elementor-element-bef2ae3 elementor-absolute elementor-widget elementor-widget-image\" data-id=\"bef2ae3\" data-element_type=\"widget\" data-e-type=\"widget\" data-settings=\"{&quot;_position&quot;:&quot;absolute&quot;}\" data-widget_type=\"image.default\">\n\t\t\t\t<div class=\"elementor-widget-container\">\n\t\t\t\t\t\t\t\t\t\t\t\t\t\t\t<img decoding=\"async\" width=\"640\" height=\"480\" src=\"https:\/\/piavepro.com\/wp-content\/uploads\/2024\/09\/br.svg\" class=\"attachment-full size-full wp-image-2373\" alt=\"\" \/>\t\t\t\t\t\t\t\t\t\t\t\t\t\t\t<\/div>\n\t\t\t\t<\/div>\n\t\t\t\t<div class=\"elementor-element elementor-element-f629b23 elementor-align-center elementor-widget elementor-widget-button\" data-id=\"f629b23\" data-element_type=\"widget\" data-e-type=\"widget\" data-widget_type=\"button.default\">\n\t\t\t\t<div class=\"elementor-widget-container\">\n\t\t\t\t\t\t\t\t\t<div class=\"elementor-button-wrapper\">\n\t\t\t\t\t<a class=\"elementor-button elementor-button-link elementor-size-sm\" href=\"https:\/\/piavepro.com\/wp-content\/uploads\/2024\/05\/DTM_Piave_Manual_de_Treinamento_V1_BR.pdf\" target=\"_blank\">\n\t\t\t\t\t\t<span class=\"elementor-button-content-wrapper\">\n\t\t\t\t\t\t\t\t\t<span class=\"elementor-button-text\">Baixar Cat\u00e1logo<\/span>\n\t\t\t\t\t<\/span>\n\t\t\t\t\t<\/a>\n\t\t\t\t<\/div>\n\t\t\t\t\t\t\t\t<\/div>\n\t\t\t\t<\/div>\n\t\t\t\t<\/div>\n\t\t<div class=\"elementor-element elementor-element-3b4072f e-con-full e-flex e-con e-child\" data-id=\"3b4072f\" data-element_type=\"container\" data-e-type=\"container\">\n\t\t\t\t<div class=\"elementor-element elementor-element-52e0af1 elementor-widget elementor-widget-image\" data-id=\"52e0af1\" data-element_type=\"widget\" data-e-type=\"widget\" data-widget_type=\"image.default\">\n\t\t\t\t<div class=\"elementor-widget-container\">\n\t\t\t\t\t\t\t\t\t\t\t\t\t\t\t\t<a href=\"https:\/\/piavepro.com\/wp-content\/uploads\/2024\/05\/DTM_Piave_Training_Manual_V1_US.pdf\" target=\"_blank\">\n\t\t\t\t\t\t\t<img decoding=\"async\" width=\"1200\" height=\"1622\" src=\"https:\/\/piavepro.com\/wp-content\/uploads\/2024\/09\/capa-DTM_Piave_Manual_de_Treinamento_V1_US.webp\" class=\"attachment-full size-full wp-image-2176\" alt=\"\" srcset=\"https:\/\/piavepro.com\/wp-content\/uploads\/2024\/09\/capa-DTM_Piave_Manual_de_Treinamento_V1_US.webp 1200w, https:\/\/piavepro.com\/wp-content\/uploads\/2024\/09\/capa-DTM_Piave_Manual_de_Treinamento_V1_US-222x300.webp 222w, https:\/\/piavepro.com\/wp-content\/uploads\/2024\/09\/capa-DTM_Piave_Manual_de_Treinamento_V1_US-758x1024.webp 758w, https:\/\/piavepro.com\/wp-content\/uploads\/2024\/09\/capa-DTM_Piave_Manual_de_Treinamento_V1_US-768x1038.webp 768w, https:\/\/piavepro.com\/wp-content\/uploads\/2024\/09\/capa-DTM_Piave_Manual_de_Treinamento_V1_US-1136x1536.webp 1136w, https:\/\/piavepro.com\/wp-content\/uploads\/2024\/09\/capa-DTM_Piave_Manual_de_Treinamento_V1_US-9x12.webp 9w\" sizes=\"(max-width: 1200px) 100vw, 1200px\" \/>\t\t\t\t\t\t\t\t<\/a>\n\t\t\t\t\t\t\t\t\t\t\t\t\t\t\t<\/div>\n\t\t\t\t<\/div>\n\t\t\t\t<div class=\"elementor-element elementor-element-34361a5 elementor-absolute elementor-widget elementor-widget-image\" data-id=\"34361a5\" data-element_type=\"widget\" data-e-type=\"widget\" data-settings=\"{&quot;_position&quot;:&quot;absolute&quot;}\" data-widget_type=\"image.default\">\n\t\t\t\t<div class=\"elementor-widget-container\">\n\t\t\t\t\t\t\t\t\t\t\t\t\t\t\t<img loading=\"lazy\" decoding=\"async\" width=\"640\" height=\"480\" src=\"https:\/\/piavepro.com\/wp-content\/uploads\/2024\/09\/us.svg\" class=\"attachment-full size-full wp-image-2372\" alt=\"\" \/>\t\t\t\t\t\t\t\t\t\t\t\t\t\t\t<\/div>\n\t\t\t\t<\/div>\n\t\t\t\t<div class=\"elementor-element elementor-element-939e5bc elementor-align-center elementor-widget elementor-widget-button\" data-id=\"939e5bc\" data-element_type=\"widget\" data-e-type=\"widget\" data-widget_type=\"button.default\">\n\t\t\t\t<div class=\"elementor-widget-container\">\n\t\t\t\t\t\t\t\t\t<div class=\"elementor-button-wrapper\">\n\t\t\t\t\t<a class=\"elementor-button elementor-button-link elementor-size-sm\" href=\"https:\/\/piavepro.com\/wp-content\/uploads\/2024\/05\/DTM_Piave_Training_Manual_V1_US.pdf\" target=\"_blank\">\n\t\t\t\t\t\t<span class=\"elementor-button-content-wrapper\">\n\t\t\t\t\t\t\t\t\t<span class=\"elementor-button-text\">Download Catalog<\/span>\n\t\t\t\t\t<\/span>\n\t\t\t\t\t<\/a>\n\t\t\t\t<\/div>\n\t\t\t\t\t\t\t\t<\/div>\n\t\t\t\t<\/div>\n\t\t\t\t<\/div>\n\t\t<div class=\"elementor-element elementor-element-959d81c e-con-full e-flex e-con e-child\" data-id=\"959d81c\" data-element_type=\"container\" data-e-type=\"container\">\n\t\t\t\t<div class=\"elementor-element elementor-element-715a119 elementor-widget elementor-widget-image\" data-id=\"715a119\" data-element_type=\"widget\" data-e-type=\"widget\" data-widget_type=\"image.default\">\n\t\t\t\t<div class=\"elementor-widget-container\">\n\t\t\t\t\t\t\t\t\t\t\t\t\t\t\t\t<a href=\"https:\/\/piavepro.com\/wp-content\/uploads\/2024\/05\/DTM_Piave_Manual_Tecnico_V1_ES.pdf\" target=\"_blank\">\n\t\t\t\t\t\t\t<img loading=\"lazy\" decoding=\"async\" width=\"1200\" height=\"1622\" src=\"https:\/\/piavepro.com\/wp-content\/uploads\/2024\/09\/capa-DTM_Piave_Manual_de_Treinamento_V1_ES.webp\" class=\"attachment-full size-full wp-image-2180\" alt=\"\" srcset=\"https:\/\/piavepro.com\/wp-content\/uploads\/2024\/09\/capa-DTM_Piave_Manual_de_Treinamento_V1_ES.webp 1200w, https:\/\/piavepro.com\/wp-content\/uploads\/2024\/09\/capa-DTM_Piave_Manual_de_Treinamento_V1_ES-222x300.webp 222w, https:\/\/piavepro.com\/wp-content\/uploads\/2024\/09\/capa-DTM_Piave_Manual_de_Treinamento_V1_ES-758x1024.webp 758w, https:\/\/piavepro.com\/wp-content\/uploads\/2024\/09\/capa-DTM_Piave_Manual_de_Treinamento_V1_ES-768x1038.webp 768w, https:\/\/piavepro.com\/wp-content\/uploads\/2024\/09\/capa-DTM_Piave_Manual_de_Treinamento_V1_ES-1136x1536.webp 1136w, https:\/\/piavepro.com\/wp-content\/uploads\/2024\/09\/capa-DTM_Piave_Manual_de_Treinamento_V1_ES-9x12.webp 9w\" sizes=\"(max-width: 1200px) 100vw, 1200px\" \/>\t\t\t\t\t\t\t\t<\/a>\n\t\t\t\t\t\t\t\t\t\t\t\t\t\t\t<\/div>\n\t\t\t\t<\/div>\n\t\t\t\t<div class=\"elementor-element elementor-element-9fb34ce elementor-absolute elementor-widget elementor-widget-image\" data-id=\"9fb34ce\" data-element_type=\"widget\" data-e-type=\"widget\" data-settings=\"{&quot;_position&quot;:&quot;absolute&quot;}\" data-widget_type=\"image.default\">\n\t\t\t\t<div class=\"elementor-widget-container\">\n\t\t\t\t\t\t\t\t\t\t\t\t\t\t\t<img loading=\"lazy\" decoding=\"async\" width=\"640\" height=\"480\" src=\"https:\/\/piavepro.com\/wp-content\/uploads\/2024\/09\/es.svg\" class=\"attachment-full size-full wp-image-2374\" alt=\"\" \/>\t\t\t\t\t\t\t\t\t\t\t\t\t\t\t<\/div>\n\t\t\t\t<\/div>\n\t\t\t\t<div class=\"elementor-element elementor-element-726af9e elementor-align-center elementor-widget elementor-widget-button\" data-id=\"726af9e\" data-element_type=\"widget\" data-e-type=\"widget\" data-widget_type=\"button.default\">\n\t\t\t\t<div class=\"elementor-widget-container\">\n\t\t\t\t\t\t\t\t\t<div class=\"elementor-button-wrapper\">\n\t\t\t\t\t<a class=\"elementor-button elementor-button-link elementor-size-sm\" href=\"https:\/\/piavepro.com\/wp-content\/uploads\/2024\/05\/DTM_Piave_Manual_Tecnico_V1_ES.pdf\" target=\"_blank\">\n\t\t\t\t\t\t<span class=\"elementor-button-content-wrapper\">\n\t\t\t\t\t\t\t\t\t<span class=\"elementor-button-text\">Descargar Cat\u00e1logo<\/span>\n\t\t\t\t\t<\/span>\n\t\t\t\t\t<\/a>\n\t\t\t\t<\/div>\n\t\t\t\t\t\t\t\t<\/div>\n\t\t\t\t<\/div>\n\t\t\t\t<\/div>\n\t\t\t\t\t<\/div>\n\t\t\t\t<\/div>\n\t\t\t\t<\/div>","protected":false},"excerpt":{"rendered":"<p>IN\u00cdCIO Baixar Cat\u00e1logo Download Catalog Descargar Cat\u00e1logo Download Catalog Baixar Cat\u00e1logo Descargar Cat\u00e1logo Descargar Cat\u00e1logo Download Catalog Baixar Cat\u00e1logo<\/p>","protected":false},"author":2,"featured_media":0,"parent":0,"menu_order":5,"comment_status":"closed","ping_status":"closed","template":"","meta":{"footnotes":""},"class_list":["post-364","page","type-page","status-publish","hentry"],"yoast_head":"<!-- This site is optimized with the Yoast SEO plugin v24.9 - https:\/\/yoast.com\/wordpress\/plugins\/seo\/ -->\n<title>Cat\u00e1logos - Piave Cosmetics<\/title>\n<meta name=\"robots\" content=\"index, follow, max-snippet:-1, max-image-preview:large, max-video-preview:-1\" \/>\n<link rel=\"canonical\" href=\"https:\/\/piavepro.com\/en\/wp-json\/wp\/v2\/pages\/364\" \/>\n<meta property=\"og:locale\" content=\"en_US\" \/>\n<meta property=\"og:type\" content=\"article\" \/>\n<meta property=\"og:title\" content=\"Cat\u00e1logos - Piave Cosmetics\" \/>\n<meta property=\"og:description\" content=\"IN\u00cdCIO Baixar Cat\u00e1logo Download Catalog Descargar Cat\u00e1logo Download Catalog Baixar Cat\u00e1logo Descargar Cat\u00e1logo Descargar Cat\u00e1logo Download Catalog Baixar Cat\u00e1logo\" \/>\n<meta property=\"og:url\" content=\"https:\/\/piavepro.com\/en\/catalogos\/\" \/>\n<meta property=\"og:site_name\" content=\"Piave Cosmetics\" \/>\n<meta property=\"article:publisher\" content=\"https:\/\/www.facebook.com\/people\/Piave-Cosmetics\/61558217605398\/\" \/>\n<meta property=\"article:modified_time\" content=\"2024-10-24T00:12:23+00:00\" \/>\n<meta property=\"og:image\" content=\"https:\/\/piavepro.com\/wp-content\/uploads\/2024\/09\/capa-DTM_Piave_Manual_de_Treinamento_V1_BR.webp\" \/>\n\t<meta property=\"og:image:width\" content=\"1200\" \/>\n\t<meta property=\"og:image:height\" content=\"1622\" \/>\n\t<meta property=\"og:image:type\" content=\"image\/webp\" \/>\n<meta name=\"twitter:card\" content=\"summary_large_image\" \/>\n<meta name=\"twitter:label1\" content=\"Est. reading time\" \/>\n\t<meta name=\"twitter:data1\" content=\"4 minutes\" \/>\n<script type=\"application\/ld+json\" class=\"yoast-schema-graph\">{\"@context\":\"https:\/\/schema.org\",\"@graph\":[{\"@type\":\"WebPage\",\"@id\":\"https:\/\/piavepro.com\/catalogos\/\",\"url\":\"https:\/\/piavepro.com\/catalogos\/\",\"name\":\"Cat\u00e1logos - Piave Cosmetics\",\"isPartOf\":{\"@id\":\"https:\/\/piavepro.com\/#website\"},\"primaryImageOfPage\":{\"@id\":\"https:\/\/piavepro.com\/catalogos\/#primaryimage\"},\"image\":{\"@id\":\"https:\/\/piavepro.com\/catalogos\/#primaryimage\"},\"thumbnailUrl\":\"https:\/\/piavepro.com\/wp-content\/uploads\/2024\/09\/capa-DTM_Piave_Manual_de_Treinamento_V1_BR.webp\",\"datePublished\":\"2024-05-17T14:59:03+00:00\",\"dateModified\":\"2024-10-24T00:12:23+00:00\",\"breadcrumb\":{\"@id\":\"https:\/\/piavepro.com\/catalogos\/#breadcrumb\"},\"inLanguage\":\"en-US\",\"potentialAction\":[{\"@type\":\"ReadAction\",\"target\":[\"https:\/\/piavepro.com\/catalogos\/\"]}]},{\"@type\":\"ImageObject\",\"inLanguage\":\"en-US\",\"@id\":\"https:\/\/piavepro.com\/catalogos\/#primaryimage\",\"url\":\"https:\/\/piavepro.com\/wp-content\/uploads\/2024\/09\/capa-DTM_Piave_Manual_de_Treinamento_V1_BR.webp\",\"contentUrl\":\"https:\/\/piavepro.com\/wp-content\/uploads\/2024\/09\/capa-DTM_Piave_Manual_de_Treinamento_V1_BR.webp\"},{\"@type\":\"BreadcrumbList\",\"@id\":\"https:\/\/piavepro.com\/catalogos\/#breadcrumb\",\"itemListElement\":[{\"@type\":\"ListItem\",\"position\":1,\"name\":\"In\u00edcio\",\"item\":\"https:\/\/piavepro.com\/\"},{\"@type\":\"ListItem\",\"position\":2,\"name\":\"Cat\u00e1logos\"}]},{\"@type\":\"WebSite\",\"@id\":\"https:\/\/piavepro.com\/#website\",\"url\":\"https:\/\/piavepro.com\/\",\"name\":\"Piave Cosmetics\",\"description\":\"\",\"publisher\":{\"@id\":\"https:\/\/piavepro.com\/#organization\"},\"potentialAction\":[{\"@type\":\"SearchAction\",\"target\":{\"@type\":\"EntryPoint\",\"urlTemplate\":\"https:\/\/piavepro.com\/?s={search_term_string}\"},\"query-input\":{\"@type\":\"PropertyValueSpecification\",\"valueRequired\":true,\"valueName\":\"search_term_string\"}}],\"inLanguage\":\"en-US\"},{\"@type\":\"Organization\",\"@id\":\"https:\/\/piavepro.com\/#organization\",\"name\":\"Piave Cosmetics\",\"url\":\"https:\/\/piavepro.com\/\",\"logo\":{\"@type\":\"ImageObject\",\"inLanguage\":\"en-US\",\"@id\":\"https:\/\/piavepro.com\/#\/schema\/logo\/image\/\",\"url\":\"https:\/\/piavepro.com\/wp-content\/uploads\/2024\/05\/marca-piave.webp\",\"contentUrl\":\"https:\/\/piavepro.com\/wp-content\/uploads\/2024\/05\/marca-piave.webp\",\"width\":224,\"height\":100,\"caption\":\"Piave Cosmetics\"},\"image\":{\"@id\":\"https:\/\/piavepro.com\/#\/schema\/logo\/image\/\"},\"sameAs\":[\"https:\/\/www.facebook.com\/people\/Piave-Cosmetics\/61558217605398\/\",\"https:\/\/www.instagram.com\/piavecosmetics\/\",\"https:\/\/www.tiktok.com\/@piavecosmetics\"]}]}<\/script>\n<!-- \/ Yoast SEO plugin. -->","yoast_head_json":{"title":"Cat\u00e1logos - Piave Cosmetics","robots":{"index":"index","follow":"follow","max-snippet":"max-snippet:-1","max-image-preview":"max-image-preview:large","max-video-preview":"max-video-preview:-1"},"canonical":"https:\/\/piavepro.com\/en\/wp-json\/wp\/v2\/pages\/364","og_locale":"en_US","og_type":"article","og_title":"Cat\u00e1logos - Piave Cosmetics","og_description":"IN\u00cdCIO Baixar Cat\u00e1logo Download Catalog Descargar Cat\u00e1logo Download Catalog Baixar Cat\u00e1logo Descargar Cat\u00e1logo Descargar Cat\u00e1logo Download Catalog Baixar Cat\u00e1logo","og_url":"https:\/\/piavepro.com\/en\/catalogos\/","og_site_name":"Piave Cosmetics","article_publisher":"https:\/\/www.facebook.com\/people\/Piave-Cosmetics\/61558217605398\/","article_modified_time":"2024-10-24T00:12:23+00:00","og_image":[{"width":1200,"height":1622,"url":"https:\/\/piavepro.com\/wp-content\/uploads\/2024\/09\/capa-DTM_Piave_Manual_de_Treinamento_V1_BR.webp","type":"image\/webp"}],"twitter_card":"summary_large_image","twitter_misc":{"Est. reading time":"4 minutes"},"schema":{"@context":"https:\/\/schema.org","@graph":[{"@type":"WebPage","@id":"https:\/\/piavepro.com\/catalogos\/","url":"https:\/\/piavepro.com\/catalogos\/","name":"Cat\u00e1logos - Piave Cosmetics","isPartOf":{"@id":"https:\/\/piavepro.com\/#website"},"primaryImageOfPage":{"@id":"https:\/\/piavepro.com\/catalogos\/#primaryimage"},"image":{"@id":"https:\/\/piavepro.com\/catalogos\/#primaryimage"},"thumbnailUrl":"https:\/\/piavepro.com\/wp-content\/uploads\/2024\/09\/capa-DTM_Piave_Manual_de_Treinamento_V1_BR.webp","datePublished":"2024-05-17T14:59:03+00:00","dateModified":"2024-10-24T00:12:23+00:00","breadcrumb":{"@id":"https:\/\/piavepro.com\/catalogos\/#breadcrumb"},"inLanguage":"en-US","potentialAction":[{"@type":"ReadAction","target":["https:\/\/piavepro.com\/catalogos\/"]}]},{"@type":"ImageObject","inLanguage":"en-US","@id":"https:\/\/piavepro.com\/catalogos\/#primaryimage","url":"https:\/\/piavepro.com\/wp-content\/uploads\/2024\/09\/capa-DTM_Piave_Manual_de_Treinamento_V1_BR.webp","contentUrl":"https:\/\/piavepro.com\/wp-content\/uploads\/2024\/09\/capa-DTM_Piave_Manual_de_Treinamento_V1_BR.webp"},{"@type":"BreadcrumbList","@id":"https:\/\/piavepro.com\/catalogos\/#breadcrumb","itemListElement":[{"@type":"ListItem","position":1,"name":"In\u00edcio","item":"https:\/\/piavepro.com\/"},{"@type":"ListItem","position":2,"name":"Cat\u00e1logos"}]},{"@type":"WebSite","@id":"https:\/\/piavepro.com\/#website","url":"https:\/\/piavepro.com\/","name":"Piave Cosmetics","description":"","publisher":{"@id":"https:\/\/piavepro.com\/#organization"},"potentialAction":[{"@type":"SearchAction","target":{"@type":"EntryPoint","urlTemplate":"https:\/\/piavepro.com\/?s={search_term_string}"},"query-input":{"@type":"PropertyValueSpecification","valueRequired":true,"valueName":"search_term_string"}}],"inLanguage":"en-US"},{"@type":"Organization","@id":"https:\/\/piavepro.com\/#organization","name":"Piave Cosmetics","url":"https:\/\/piavepro.com\/","logo":{"@type":"ImageObject","inLanguage":"en-US","@id":"https:\/\/piavepro.com\/#\/schema\/logo\/image\/","url":"https:\/\/piavepro.com\/wp-content\/uploads\/2024\/05\/marca-piave.webp","contentUrl":"https:\/\/piavepro.com\/wp-content\/uploads\/2024\/05\/marca-piave.webp","width":224,"height":100,"caption":"Piave Cosmetics"},"image":{"@id":"https:\/\/piavepro.com\/#\/schema\/logo\/image\/"},"sameAs":["https:\/\/www.facebook.com\/people\/Piave-Cosmetics\/61558217605398\/","https:\/\/www.instagram.com\/piavecosmetics\/","https:\/\/www.tiktok.com\/@piavecosmetics"]}]}},"_links":{"self":[{"href":"https:\/\/piavepro.com\/en\/wp-json\/wp\/v2\/pages\/364","targetHints":{"allow":["GET"]}}],"collection":[{"href":"https:\/\/piavepro.com\/en\/wp-json\/wp\/v2\/pages"}],"about":[{"href":"https:\/\/piavepro.com\/en\/wp-json\/wp\/v2\/types\/page"}],"author":[{"embeddable":true,"href":"https:\/\/piavepro.com\/en\/wp-json\/wp\/v2\/users\/2"}],"replies":[{"embeddable":true,"href":"https:\/\/piavepro.com\/en\/wp-json\/wp\/v2\/comments?post=364"}],"version-history":[{"count":103,"href":"https:\/\/piavepro.com\/en\/wp-json\/wp\/v2\/pages\/364\/revisions"}],"predecessor-version":[{"id":2595,"href":"https:\/\/piavepro.com\/en\/wp-json\/wp\/v2\/pages\/364\/revisions\/2595"}],"wp:attachment":[{"href":"https:\/\/piavepro.com\/en\/wp-json\/wp\/v2\/media?parent=364"}],"curies":[{"name":"wp","href":"https:\/\/api.w.org\/{rel}","templated":true}]}}