{"id":1865,"date":"2024-05-31T17:14:24","date_gmt":"2024-05-31T20:14:24","guid":{"rendered":"https:\/\/piavepro.com\/?page_id=1865"},"modified":"2024-10-02T16:41:09","modified_gmt":"2024-10-02T19:41:09","slug":"politica-de-privacidade","status":"publish","type":"page","link":"https:\/\/piavepro.com\/es\/politica-de-privacidade\/","title":{"rendered":"Pol\u00edtica de privacidad"},"content":{"rendered":"<div data-elementor-type=\"wp-page\" data-elementor-id=\"1865\" class=\"elementor elementor-1865\" data-elementor-post-type=\"page\">\n\t\t\t\t<div class=\"elementor-element elementor-element-44509ba4 e-flex e-con-boxed e-con e-parent\" data-id=\"44509ba4\" data-element_type=\"container\" data-e-type=\"container\" data-settings=\"{&quot;background_background&quot;:&quot;classic&quot;}\">\n\t\t\t\t\t<div class=\"e-con-inner\">\n\t\t\t\t<div class=\"elementor-element elementor-element-15553fd0 elementor-widget elementor-widget-heading\" data-id=\"15553fd0\" data-element_type=\"widget\" data-e-type=\"widget\" data-widget_type=\"heading.default\">\n\t\t\t\t<div class=\"elementor-widget-container\">\n\t\t\t\t\t<h2 class=\"elementor-heading-title elementor-size-default\">Pol\u00edtica de privacidad<\/h2>\t\t\t\t<\/div>\n\t\t\t\t<\/div>\n\t\t\t\t<div class=\"elementor-element elementor-element-19ae7309 elementor-icon-list--layout-inline elementor-list-item-link-full_width elementor-widget elementor-widget-icon-list\" data-id=\"19ae7309\" data-element_type=\"widget\" data-e-type=\"widget\" data-widget_type=\"icon-list.default\">\n\t\t\t\t<div class=\"elementor-widget-container\">\n\t\t\t\t\t\t\t<ul class=\"elementor-icon-list-items elementor-inline-items\">\n\t\t\t\t\t\t\t<li class=\"elementor-icon-list-item elementor-inline-item\">\n\t\t\t\t\t\t\t\t\t\t\t<a href=\"https:\/\/piavepro.com\/es\">\n\n\t\t\t\t\t\t\t\t\t\t\t<span class=\"elementor-icon-list-text\">HOME<\/span>\n\t\t\t\t\t\t\t\t\t\t\t<\/a>\n\t\t\t\t\t\t\t\t\t<\/li>\n\t\t\t\t\t\t\t\t<li class=\"elementor-icon-list-item elementor-inline-item\">\n\t\t\t\t\t\t\t\t\t\t<span class=\"elementor-icon-list-text\">Pol\u00edtica de privacidad<\/span>\n\t\t\t\t\t\t\t\t\t<\/li>\n\t\t\t\t\t\t<\/ul>\n\t\t\t\t\t\t<\/div>\n\t\t\t\t<\/div>\n\t\t\t\t\t<\/div>\n\t\t\t\t<\/div>\n\t\t<div class=\"elementor-element elementor-element-0f47257 e-flex e-con-boxed e-con e-parent\" data-id=\"0f47257\" data-element_type=\"container\" data-e-type=\"container\">\n\t\t\t\t\t<div class=\"e-con-inner\">\n\t\t\t\t<div class=\"elementor-element elementor-element-ac9c9ff elementor-widget elementor-widget-text-editor\" data-id=\"ac9c9ff\" data-element_type=\"widget\" data-e-type=\"widget\" data-widget_type=\"text-editor.default\">\n\t\t\t\t<div class=\"elementor-widget-container\">\n\t\t\t\t\t\t\t\t\tSu privacidad es importante para nosotros. Es pol\u00edtica de Piave Cosmetics respetar su privacidad con respecto a cualquier informaci\u00f3n que podamos recopilar de usted en el sitio web de Piave Cosmetics y en otros sitios web que poseemos y operamos.\n\nSolo solicitamos informaci\u00f3n personal cuando realmente la necesitamos para brindarle un servicio. Lo hacemos por medios justos y legales, con su conocimiento y consentimiento. Tambi\u00e9n te contamos por qu\u00e9 lo recogemos y c\u00f3mo se utilizar\u00e1.\n\nSolo conservamos la informaci\u00f3n recopilada durante el tiempo necesario para proporcionar el servicio solicitado. Cuando almacenamos datos, los protegemos dentro de medios comercialmente aceptables para evitar p\u00e9rdidas y robos, as\u00ed como el acceso, divulgaci\u00f3n, copia, uso o modificaci\u00f3n no autorizados.\n\nNo compartimos informaci\u00f3n de identificaci\u00f3n personal p\u00fablicamente ni con terceros, excepto cuando lo exija la ley.\n\nNuestro sitio web puede tener enlaces a sitios web externos que no son operados por nosotros. Tenga en cuenta que no tenemos control sobre el contenido ni las pr\u00e1cticas de estos sitios y no podemos aceptar responsabilidad por sus respectivas pol\u00edticas de privacidad.\n\nUsted es libre de rechazar nuestra solicitud de su informaci\u00f3n personal, en el entendido de que es posible que no podamos brindarle algunos de los servicios que desea.\n\nSu uso continuado de nuestro sitio web se considerar\u00e1 la aceptaci\u00f3n de nuestras pr\u00e1cticas en materia de privacidad e informaci\u00f3n personal. Si tiene alguna pregunta sobre c\u00f3mo manejamos los datos de los usuarios y la informaci\u00f3n personal, comun\u00edquese con nosotros.\n<ul>\n \t<li>El servicio Google AdSense que utilizamos para ofrecer publicidad utiliza una cookie de DoubleClick para mostrar anuncios m\u00e1s relevantes en la web y limitar la cantidad de veces que se le muestra un anuncio en particular.<\/li>\n \t<li>Para obtener m\u00e1s informaci\u00f3n sobre Google AdSense, consulte las preguntas frecuentes oficiales sobre privacidad de Google AdSense.<\/li>\n \t<li>Utilizamos anuncios para compensar los gastos de funcionamiento de este sitio y fornecer financiamento para futuros desarrollos. Las cookies de publicidad comportamental utilizadas por este sitio foram proyectadas para garantizar que usted forne\u00e7a os anuncios m\u00e1s relevantes siempre que sea posible, rastreando an\u00f3nimamente sus intereses y presentando coisas similares que pueden ser sus intereses.<\/li>\n \t<li>V\u00e1rios parceiros anunciam em nosso nome e os cookies de rastreo de afiliados simplemente nos permite ver se nossos clientes acessaram o site atrav\u00e9s de um dos sites de nossos parceiros, para que possamos credit\u00e1-los adecuadamente e, quando aplic\u00e1vel, permita que nossos parceiros afiliados ofere\u00e7am Cualquier promoci\u00f3n que puedas fornec\u00ea-lo para hacer una compra.<\/li>\n<\/ul>\n<h3>Compromiso del usuario<\/h3>\nEl usuario se compromete a hacer un uso adecuado de los contenidos e informaci\u00f3n que Piave Cosmetics ofrece en el sitio web y con car\u00e1cter enunciativo pero no limitativo:\n\nA) No realizar actividades il\u00edcitas o contrarias a la buena fe y al orden p\u00fablico;\n\nB) No difundir propaganda o contenidos de car\u00e1cter racista, xen\u00f3fobo, kiwibet o de mala naturaleza, cualquier tipo de pornograf\u00eda ilegal, de apoyo al terrorismo o contra los derechos humanos;\n\nC) No provocar da\u00f1os en los sistemas f\u00edsicos (hardware) y l\u00f3gicos (software) de Piave Cosmetics, de sus proveedores o de terceras personas, introducir o difundir en la red virus inform\u00e1ticos o cualesquiera otros sistemas hardware o software que sean susceptibles de provocar los da\u00f1os anteriormente mencionados.\n<h3>M\u00e1s informaci\u00f3n<\/h3>\nEsperemos que esteja esclarecido e, como mencionado anteriormente, se houver algo que voc\u00ea n\u00e3o tem certeza se precisa ou n\u00e3o, geralmente \u00e9 mais seguro deixar os cookies ativados, caso interaja com um dos recursos que voc\u00ea usa em nosso site.\t\t\t\t\t\t\t\t<\/div>\n\t\t\t\t<\/div>\n\t\t\t\t\t<\/div>\n\t\t\t\t<\/div>\n\t\t\t\t<\/div>","protected":false},"excerpt":{"rendered":"<p>IN\u00cdCIO A sua privacidade \u00e9 importante para n\u00f3s. \u00c9 pol\u00edtica do Piave Cosmetics respeitar a sua privacidade em rela\u00e7\u00e3o a qualquer informa\u00e7\u00e3o sua que possamos coletar no site Piave Cosmetics, e outros sites que possu\u00edmos e operamos. Solicitamos informa\u00e7\u00f5es pessoais apenas quando realmente precisamos delas para lhe fornecer um servi\u00e7o. Fazemo-lo por meios justos e [&hellip;]<\/p>","protected":false},"author":2,"featured_media":0,"parent":0,"menu_order":0,"comment_status":"closed","ping_status":"closed","template":"","meta":{"footnotes":""},"class_list":["post-1865","page","type-page","status-publish","hentry"],"yoast_head":"<!-- This site is optimized with the Yoast SEO plugin v24.9 - https:\/\/yoast.com\/wordpress\/plugins\/seo\/ -->\n<title>Pol\u00edtica de Privacidade - Piave Cosmetics<\/title>\n<meta name=\"robots\" content=\"index, follow, max-snippet:-1, max-image-preview:large, max-video-preview:-1\" \/>\n<link rel=\"canonical\" href=\"https:\/\/piavepro.com\/es\/wp-json\/wp\/v2\/pages\/1865\" \/>\n<meta property=\"og:locale\" content=\"es_ES\" \/>\n<meta property=\"og:type\" content=\"article\" \/>\n<meta property=\"og:title\" content=\"Pol\u00edtica de Privacidade - Piave Cosmetics\" \/>\n<meta property=\"og:description\" content=\"IN\u00cdCIO A sua privacidade \u00e9 importante para n\u00f3s. \u00c9 pol\u00edtica do Piave Cosmetics respeitar a sua privacidade em rela\u00e7\u00e3o a qualquer informa\u00e7\u00e3o sua que possamos coletar no site Piave Cosmetics, e outros sites que possu\u00edmos e operamos. Solicitamos informa\u00e7\u00f5es pessoais apenas quando realmente precisamos delas para lhe fornecer um servi\u00e7o. Fazemo-lo por meios justos e [&hellip;]\" \/>\n<meta property=\"og:url\" content=\"https:\/\/piavepro.com\/es\/politica-de-privacidade\/\" \/>\n<meta property=\"og:site_name\" content=\"Piave Cosmetics\" \/>\n<meta property=\"article:publisher\" content=\"https:\/\/www.facebook.com\/people\/Piave-Cosmetics\/61558217605398\/\" \/>\n<meta property=\"article:modified_time\" content=\"2024-10-02T19:41:09+00:00\" \/>\n<meta name=\"twitter:card\" content=\"summary_large_image\" \/>\n<meta name=\"twitter:label1\" content=\"Tiempo de lectura\" \/>\n\t<meta name=\"twitter:data1\" content=\"4 minutos\" \/>\n<script type=\"application\/ld+json\" class=\"yoast-schema-graph\">{\"@context\":\"https:\/\/schema.org\",\"@graph\":[{\"@type\":\"WebPage\",\"@id\":\"https:\/\/piavepro.com\/politica-de-privacidade\/\",\"url\":\"https:\/\/piavepro.com\/politica-de-privacidade\/\",\"name\":\"Pol\u00edtica de Privacidade - Piave Cosmetics\",\"isPartOf\":{\"@id\":\"https:\/\/piavepro.com\/#website\"},\"datePublished\":\"2024-05-31T20:14:24+00:00\",\"dateModified\":\"2024-10-02T19:41:09+00:00\",\"breadcrumb\":{\"@id\":\"https:\/\/piavepro.com\/politica-de-privacidade\/#breadcrumb\"},\"inLanguage\":\"es\",\"potentialAction\":[{\"@type\":\"ReadAction\",\"target\":[\"https:\/\/piavepro.com\/politica-de-privacidade\/\"]}]},{\"@type\":\"BreadcrumbList\",\"@id\":\"https:\/\/piavepro.com\/politica-de-privacidade\/#breadcrumb\",\"itemListElement\":[{\"@type\":\"ListItem\",\"position\":1,\"name\":\"In\u00edcio\",\"item\":\"https:\/\/piavepro.com\/\"},{\"@type\":\"ListItem\",\"position\":2,\"name\":\"Pol\u00edtica de Privacidade\"}]},{\"@type\":\"WebSite\",\"@id\":\"https:\/\/piavepro.com\/#website\",\"url\":\"https:\/\/piavepro.com\/\",\"name\":\"Piave Cosmetics\",\"description\":\"\",\"publisher\":{\"@id\":\"https:\/\/piavepro.com\/#organization\"},\"potentialAction\":[{\"@type\":\"SearchAction\",\"target\":{\"@type\":\"EntryPoint\",\"urlTemplate\":\"https:\/\/piavepro.com\/?s={search_term_string}\"},\"query-input\":{\"@type\":\"PropertyValueSpecification\",\"valueRequired\":true,\"valueName\":\"search_term_string\"}}],\"inLanguage\":\"es\"},{\"@type\":\"Organization\",\"@id\":\"https:\/\/piavepro.com\/#organization\",\"name\":\"Piave Cosmetics\",\"url\":\"https:\/\/piavepro.com\/\",\"logo\":{\"@type\":\"ImageObject\",\"inLanguage\":\"es\",\"@id\":\"https:\/\/piavepro.com\/#\/schema\/logo\/image\/\",\"url\":\"https:\/\/piavepro.com\/wp-content\/uploads\/2024\/05\/marca-piave.webp\",\"contentUrl\":\"https:\/\/piavepro.com\/wp-content\/uploads\/2024\/05\/marca-piave.webp\",\"width\":224,\"height\":100,\"caption\":\"Piave Cosmetics\"},\"image\":{\"@id\":\"https:\/\/piavepro.com\/#\/schema\/logo\/image\/\"},\"sameAs\":[\"https:\/\/www.facebook.com\/people\/Piave-Cosmetics\/61558217605398\/\",\"https:\/\/www.instagram.com\/piavecosmetics\/\",\"https:\/\/www.tiktok.com\/@piavecosmetics\"]}]}<\/script>\n<!-- \/ Yoast SEO plugin. -->","yoast_head_json":{"title":"Pol\u00edtica de Privacidade - Piave Cosmetics","robots":{"index":"index","follow":"follow","max-snippet":"max-snippet:-1","max-image-preview":"max-image-preview:large","max-video-preview":"max-video-preview:-1"},"canonical":"https:\/\/piavepro.com\/es\/wp-json\/wp\/v2\/pages\/1865","og_locale":"es_ES","og_type":"article","og_title":"Pol\u00edtica de Privacidade - Piave Cosmetics","og_description":"IN\u00cdCIO A sua privacidade \u00e9 importante para n\u00f3s. \u00c9 pol\u00edtica do Piave Cosmetics respeitar a sua privacidade em rela\u00e7\u00e3o a qualquer informa\u00e7\u00e3o sua que possamos coletar no site Piave Cosmetics, e outros sites que possu\u00edmos e operamos. Solicitamos informa\u00e7\u00f5es pessoais apenas quando realmente precisamos delas para lhe fornecer um servi\u00e7o. Fazemo-lo por meios justos e [&hellip;]","og_url":"https:\/\/piavepro.com\/es\/politica-de-privacidade\/","og_site_name":"Piave Cosmetics","article_publisher":"https:\/\/www.facebook.com\/people\/Piave-Cosmetics\/61558217605398\/","article_modified_time":"2024-10-02T19:41:09+00:00","twitter_card":"summary_large_image","twitter_misc":{"Tiempo de lectura":"4 minutos"},"schema":{"@context":"https:\/\/schema.org","@graph":[{"@type":"WebPage","@id":"https:\/\/piavepro.com\/politica-de-privacidade\/","url":"https:\/\/piavepro.com\/politica-de-privacidade\/","name":"Pol\u00edtica de Privacidade - Piave Cosmetics","isPartOf":{"@id":"https:\/\/piavepro.com\/#website"},"datePublished":"2024-05-31T20:14:24+00:00","dateModified":"2024-10-02T19:41:09+00:00","breadcrumb":{"@id":"https:\/\/piavepro.com\/politica-de-privacidade\/#breadcrumb"},"inLanguage":"es","potentialAction":[{"@type":"ReadAction","target":["https:\/\/piavepro.com\/politica-de-privacidade\/"]}]},{"@type":"BreadcrumbList","@id":"https:\/\/piavepro.com\/politica-de-privacidade\/#breadcrumb","itemListElement":[{"@type":"ListItem","position":1,"name":"In\u00edcio","item":"https:\/\/piavepro.com\/"},{"@type":"ListItem","position":2,"name":"Pol\u00edtica de Privacidade"}]},{"@type":"WebSite","@id":"https:\/\/piavepro.com\/#website","url":"https:\/\/piavepro.com\/","name":"Piave Cosmetics","description":"","publisher":{"@id":"https:\/\/piavepro.com\/#organization"},"potentialAction":[{"@type":"SearchAction","target":{"@type":"EntryPoint","urlTemplate":"https:\/\/piavepro.com\/?s={search_term_string}"},"query-input":{"@type":"PropertyValueSpecification","valueRequired":true,"valueName":"search_term_string"}}],"inLanguage":"es"},{"@type":"Organization","@id":"https:\/\/piavepro.com\/#organization","name":"Piave Cosmetics","url":"https:\/\/piavepro.com\/","logo":{"@type":"ImageObject","inLanguage":"es","@id":"https:\/\/piavepro.com\/#\/schema\/logo\/image\/","url":"https:\/\/piavepro.com\/wp-content\/uploads\/2024\/05\/marca-piave.webp","contentUrl":"https:\/\/piavepro.com\/wp-content\/uploads\/2024\/05\/marca-piave.webp","width":224,"height":100,"caption":"Piave Cosmetics"},"image":{"@id":"https:\/\/piavepro.com\/#\/schema\/logo\/image\/"},"sameAs":["https:\/\/www.facebook.com\/people\/Piave-Cosmetics\/61558217605398\/","https:\/\/www.instagram.com\/piavecosmetics\/","https:\/\/www.tiktok.com\/@piavecosmetics"]}]}},"_links":{"self":[{"href":"https:\/\/piavepro.com\/es\/wp-json\/wp\/v2\/pages\/1865","targetHints":{"allow":["GET"]}}],"collection":[{"href":"https:\/\/piavepro.com\/es\/wp-json\/wp\/v2\/pages"}],"about":[{"href":"https:\/\/piavepro.com\/es\/wp-json\/wp\/v2\/types\/page"}],"author":[{"embeddable":true,"href":"https:\/\/piavepro.com\/es\/wp-json\/wp\/v2\/users\/2"}],"replies":[{"embeddable":true,"href":"https:\/\/piavepro.com\/es\/wp-json\/wp\/v2\/comments?post=1865"}],"version-history":[{"count":13,"href":"https:\/\/piavepro.com\/es\/wp-json\/wp\/v2\/pages\/1865\/revisions"}],"predecessor-version":[{"id":2467,"href":"https:\/\/piavepro.com\/es\/wp-json\/wp\/v2\/pages\/1865\/revisions\/2467"}],"wp:attachment":[{"href":"https:\/\/piavepro.com\/es\/wp-json\/wp\/v2\/media?parent=1865"}],"curies":[{"name":"wp","href":"https:\/\/api.w.org\/{rel}","templated":true}]}}