{"id":382,"date":"2024-05-17T12:04:19","date_gmt":"2024-05-17T15:04:19","guid":{"rendered":"https:\/\/piavepro.com\/?page_id=382"},"modified":"2024-10-02T17:25:06","modified_gmt":"2024-10-02T20:25:06","slug":"contato","status":"publish","type":"page","link":"https:\/\/piavepro.com\/es\/contato\/","title":{"rendered":"Contacto"},"content":{"rendered":"<div data-elementor-type=\"wp-page\" data-elementor-id=\"382\" class=\"elementor elementor-382\" data-elementor-post-type=\"page\">\n\t\t\t\t<div class=\"elementor-element elementor-element-e40bb1b e-flex e-con-boxed e-con e-parent\" data-id=\"e40bb1b\" data-element_type=\"container\" data-e-type=\"container\" data-settings=\"{&quot;background_background&quot;:&quot;classic&quot;}\">\n\t\t\t\t\t<div class=\"e-con-inner\">\n\t\t\t\t<div class=\"elementor-element elementor-element-366e73a elementor-icon-list--layout-inline elementor-list-item-link-full_width elementor-widget elementor-widget-icon-list\" data-id=\"366e73a\" data-element_type=\"widget\" data-e-type=\"widget\" data-widget_type=\"icon-list.default\">\n\t\t\t\t<div class=\"elementor-widget-container\">\n\t\t\t\t\t\t\t<ul class=\"elementor-icon-list-items elementor-inline-items\">\n\t\t\t\t\t\t\t<li class=\"elementor-icon-list-item elementor-inline-item\">\n\t\t\t\t\t\t\t\t\t\t\t<a href=\"https:\/\/piavepro.com\/es\">\n\n\t\t\t\t\t\t\t\t\t\t\t<span class=\"elementor-icon-list-text\">HOME<\/span>\n\t\t\t\t\t\t\t\t\t\t\t<\/a>\n\t\t\t\t\t\t\t\t\t<\/li>\n\t\t\t\t\t\t\t\t<li class=\"elementor-icon-list-item elementor-inline-item\">\n\t\t\t\t\t\t\t\t\t\t<span class=\"elementor-icon-list-text\">Contacto<\/span>\n\t\t\t\t\t\t\t\t\t<\/li>\n\t\t\t\t\t\t<\/ul>\n\t\t\t\t\t\t<\/div>\n\t\t\t\t<\/div>\n\t\t\t\t\t<\/div>\n\t\t\t\t<\/div>\n\t\t<div class=\"elementor-element elementor-element-651f3f6 e-flex e-con-boxed e-con e-parent\" data-id=\"651f3f6\" data-element_type=\"container\" data-e-type=\"container\">\n\t\t\t\t\t<div class=\"e-con-inner\">\n\t\t<div class=\"elementor-element elementor-element-4fe9d72 e-con-full e-flex e-con e-child\" data-id=\"4fe9d72\" data-element_type=\"container\" data-e-type=\"container\">\n\t\t\t\t<div class=\"elementor-element elementor-element-4378f2d elementor-widget elementor-widget-text-editor\" data-id=\"4378f2d\" data-element_type=\"widget\" data-e-type=\"widget\" data-widget_type=\"text-editor.default\">\n\t\t\t\t<div class=\"elementor-widget-container\">\n\t\t\t\t\t\t\t\t\t<p>Rellene el siguiente formulario para ponerse en contacto con nosotros. Nuestro equipo se comunicar\u00e1 con usted lo antes posible.<\/p>\t\t\t\t\t\t\t\t<\/div>\n\t\t\t\t<\/div>\n\t\t\t\t<div class=\"elementor-element elementor-element-7f50c90 elementor-button-align-stretch elementor-widget elementor-widget-form\" data-id=\"7f50c90\" data-element_type=\"widget\" data-e-type=\"widget\" data-settings=\"{&quot;step_next_label&quot;:&quot;Pr\\u00f3ximo&quot;,&quot;step_previous_label&quot;:&quot;Anterior&quot;,&quot;button_width&quot;:&quot;100&quot;,&quot;step_type&quot;:&quot;number_text&quot;,&quot;step_icon_shape&quot;:&quot;circle&quot;}\" data-widget_type=\"form.default\">\n\t\t\t\t<div class=\"elementor-widget-container\">\n\t\t\t\t\t\t\t<form class=\"elementor-form\" method=\"post\" name=\"Novo formul\u00e1rio\" action=\"\">\n\t\t\t<input type=\"hidden\" name=\"post_id\" value=\"382\"\/>\n\t\t\t<input type=\"hidden\" name=\"form_id\" value=\"7f50c90\"\/>\n\t\t\t<input type=\"hidden\" name=\"referer_title\" value=\"Contato - Piave Cosmetics\" \/>\n\n\t\t\t\t\t\t\t<input type=\"hidden\" name=\"queried_id\" value=\"382\"\/>\n\t\t\t\n\t\t\t<div class=\"elementor-form-fields-wrapper elementor-labels-above\">\n\t\t\t\t\t\t\t\t<div class=\"elementor-field-type-text elementor-field-group elementor-column elementor-field-group-name elementor-col-100\">\n\t\t\t\t\t\t\t\t\t\t\t\t<label for=\"form-field-name\" class=\"elementor-field-label\">\n\t\t\t\t\t\t\t\tNombre\t\t\t\t\t\t\t<\/label>\n\t\t\t\t\t\t\t\t\t\t\t\t\t\t<input size=\"1\" type=\"text\" name=\"form_fields[name]\" id=\"form-field-name\" class=\"elementor-field elementor-size-lg  elementor-field-textual\" placeholder=\"Nombre\">\n\t\t\t\t\t\t\t\t\t\t\t<\/div>\n\t\t\t\t\t\t\t\t<div class=\"elementor-field-type-email elementor-field-group elementor-column elementor-field-group-email elementor-col-100 elementor-field-required\">\n\t\t\t\t\t\t\t\t\t\t\t\t<label for=\"form-field-email\" class=\"elementor-field-label\">\n\t\t\t\t\t\t\t\tE-mail\t\t\t\t\t\t\t<\/label>\n\t\t\t\t\t\t\t\t\t\t\t\t\t\t<input size=\"1\" type=\"email\" name=\"form_fields[email]\" id=\"form-field-email\" class=\"elementor-field elementor-size-lg  elementor-field-textual\" placeholder=\"E-mail\" required=\"required\">\n\t\t\t\t\t\t\t\t\t\t\t<\/div>\n\t\t\t\t\t\t\t\t<div class=\"elementor-field-type-textarea elementor-field-group elementor-column elementor-field-group-message elementor-col-100\">\n\t\t\t\t\t\t\t\t\t\t\t\t<label for=\"form-field-message\" class=\"elementor-field-label\">\n\t\t\t\t\t\t\t\tMensaje\t\t\t\t\t\t\t<\/label>\n\t\t\t\t\t\t<textarea class=\"elementor-field-textual elementor-field  elementor-size-lg\" name=\"form_fields[message]\" id=\"form-field-message\" rows=\"4\" placeholder=\"Env\u00eda tu mensaje\"><\/textarea>\t\t\t\t<\/div>\n\t\t\t\t\t\t\t\t<div class=\"elementor-field-group elementor-column elementor-field-type-submit elementor-col-100 e-form__buttons\">\n\t\t\t\t\t<button class=\"elementor-button elementor-size-lg\" type=\"submit\">\n\t\t\t\t\t\t<span class=\"elementor-button-content-wrapper\">\n\t\t\t\t\t\t\t\t\t\t\t\t\t\t\t\t\t\t\t\t\t\t<span class=\"elementor-button-text\">Enviar mensaje<\/span>\n\t\t\t\t\t\t\t\t\t\t\t\t\t<\/span>\n\t\t\t\t\t<\/button>\n\t\t\t\t<\/div>\n\t\t\t<\/div>\n\t\t<input type=\"hidden\" name=\"trp-form-language\" value=\"es\"\/><\/form>\n\t\t\t\t\t\t<\/div>\n\t\t\t\t<\/div>\n\t\t\t\t<\/div>\n\t\t<div class=\"elementor-element elementor-element-8ef5f9b e-con-full e-flex e-con e-child\" data-id=\"8ef5f9b\" data-element_type=\"container\" data-e-type=\"container\">\n\t\t\t\t<div class=\"elementor-element elementor-element-d203342 elementor-widget__width-initial elementor-widget elementor-widget-heading\" data-id=\"d203342\" data-element_type=\"widget\" data-e-type=\"widget\" data-widget_type=\"heading.default\">\n\t\t\t\t<div class=\"elementor-widget-container\">\n\t\t\t\t\t<h6 class=\"elementor-heading-title elementor-size-default\">Informaci\u00f3n del contacto<\/h6>\t\t\t\t<\/div>\n\t\t\t\t<\/div>\n\t\t\t\t<div class=\"elementor-element elementor-element-722e899 elementor-widget__width-inherit elementor-icon-list--layout-traditional elementor-list-item-link-full_width elementor-widget elementor-widget-icon-list\" data-id=\"722e899\" data-element_type=\"widget\" data-e-type=\"widget\" data-widget_type=\"icon-list.default\">\n\t\t\t\t<div class=\"elementor-widget-container\">\n\t\t\t\t\t\t\t<ul class=\"elementor-icon-list-items\">\n\t\t\t\t\t\t\t<li class=\"elementor-icon-list-item\">\n\t\t\t\t\t\t\t\t\t\t\t<span class=\"elementor-icon-list-icon\">\n\t\t\t\t\t\t\t<svg xmlns=\"http:\/\/www.w3.org\/2000\/svg\" width=\"24\" height=\"24\" viewbox=\"0 0 24 24\" fill=\"none\"><path d=\"M5.84279 4.56789C9.2432 1.16748 14.7564 1.16748 18.1568 4.56789C21.5572 7.9683 21.5572 13.4815 18.1568 16.8819L16.9698 18.0558C16.0949 18.9144 14.9598 20.0184 13.5639 21.3679C12.6917 22.2113 11.3079 22.2112 10.4358 21.3677L6.94466 17.9718C6.5059 17.541 6.13863 17.1777 5.84279 16.8819C2.44238 13.4815 2.44238 7.9683 5.84279 4.56789ZM17.0961 5.62855C14.2815 2.81392 9.71807 2.81392 6.90345 5.62855C4.08882 8.44317 4.08882 13.0066 6.90345 15.8212L8.39052 17.2887C9.20943 18.0901 10.2389 19.0905 11.4786 20.2895C11.7693 20.5706 12.2305 20.5707 12.5213 20.2896L15.9162 16.9881C16.3851 16.5278 16.7785 16.1388 17.0961 15.8212C19.9107 13.0066 19.9107 8.44317 17.0961 5.62855ZM11.9998 7.99854C13.6575 7.99854 15.0013 9.34238 15.0013 11.0001C15.0013 12.6578 13.6575 14.0016 11.9998 14.0016C10.3421 14.0016 8.99823 12.6578 8.99823 11.0001C8.99823 9.34238 10.3421 7.99854 11.9998 7.99854ZM11.9998 9.49854C11.1705 9.49854 10.4982 10.1708 10.4982 11.0001C10.4982 11.8294 11.1705 12.5016 11.9998 12.5016C12.8291 12.5016 13.5013 11.8294 13.5013 11.0001C13.5013 10.1708 12.8291 9.49854 11.9998 9.49854Z\" fill=\"#212121\"><\/path><\/svg>\t\t\t\t\t\t<\/span>\n\t\t\t\t\t\t\t\t\t\t<span class=\"elementor-icon-list-text\">2201 NW 102 Place Suite 1A Doral, FL \u2013 33172<\/span>\n\t\t\t\t\t\t\t\t\t<\/li>\n\t\t\t\t\t\t<\/ul>\n\t\t\t\t\t\t<\/div>\n\t\t\t\t<\/div>\n\t\t\t\t<div class=\"elementor-element elementor-element-60c22e2 elementor-widget__width-initial elementor-icon-list--layout-traditional elementor-list-item-link-full_width elementor-widget elementor-widget-icon-list\" data-id=\"60c22e2\" data-element_type=\"widget\" data-e-type=\"widget\" data-no-translation=\"\" data-widget_type=\"icon-list.default\">\n\t\t\t\t<div class=\"elementor-widget-container\">\n\t\t\t\t\t\t\t<ul class=\"elementor-icon-list-items\">\n\t\t\t\t\t\t\t<li class=\"elementor-icon-list-item\">\n\t\t\t\t\t\t\t\t\t\t\t<span class=\"elementor-icon-list-icon\">\n\t\t\t\t\t\t\t<svg xmlns=\"http:\/\/www.w3.org\/2000\/svg\" width=\"24\" height=\"24\" viewbox=\"0 0 24 24\" fill=\"none\"><path d=\"M13.75 2C14.9926 2 16 3.00736 16 4.25V12.9234C15.6318 12.9743 15.2705 13.1469 14.9733 13.4639L14.5 13.9687V4.25C14.5 3.83579 14.1642 3.5 13.75 3.5H6.25C5.83579 3.5 5.5 3.83579 5.5 4.25V19.75C5.5 20.1642 5.83579 20.5 6.25 20.5H13.75C13.827 20.5 13.9013 20.4884 13.9713 20.4668L14.9733 21.5356C14.9934 21.557 15.0137 21.5777 15.0342 21.5977C14.6701 21.8513 14.2274 22 13.75 22H6.25C5.00736 22 4 20.9926 4 19.75V4.25C4 3.00736 5.00736 2 6.25 2H13.75ZM8.74887 17.5038L11 17.5004V19.0004L8.75113 19.0038C8.33692 19.0044 8.00062 18.6691 8 18.2549C7.99938 17.8407 8.33466 17.5044 8.74887 17.5038ZM22.1432 14.3016C21.815 13.7548 21.4783 13.3806 21.2302 13.1739C20.912 12.9087 20.4391 12.9517 20.1739 13.2699C19.9087 13.5881 19.9517 14.061 20.2699 14.3262C20.3968 14.4319 20.6226 14.6828 20.8569 15.0734C21.2583 15.7424 21.5 16.5481 21.5 17.5C21.5 18.4519 21.2583 19.2576 20.8569 19.9266C20.6226 20.3173 20.3968 20.5681 20.2699 20.6739C19.9517 20.939 19.9087 21.4119 20.1739 21.7302C20.4391 22.0484 20.912 22.0914 21.2302 21.8262C21.4783 21.6194 21.815 21.2453 22.1432 20.6984C22.6793 19.8049 23 18.7356 23 17.5C23 16.2644 22.6793 15.1951 22.1432 14.3016ZM19.8741 15.3965C19.635 15.0378 19.3885 14.7914 19.2 14.65C18.8687 14.4015 18.3986 14.4686 18.15 14.8C17.9015 15.1314 17.9687 15.6015 18.3 15.85C18.3616 15.8962 18.4901 16.0247 18.626 16.2285C18.86 16.5795 19 16.9997 19 17.5C19 18.0003 18.86 18.4205 18.626 18.7715C18.4901 18.9753 18.3616 19.1039 18.3 19.15L18.2163 19.223C17.9591 19.4829 17.9241 19.8988 18.15 20.2C18.3986 20.5314 18.8687 20.5985 19.2 20.35C19.3885 20.2087 19.635 19.9622 19.8741 19.6035C20.2651 19.017 20.5 18.3122 20.5 17.5C20.5 16.6878 20.2651 15.983 19.8741 15.3965ZM17 14.75C17 14.4376 16.8063 14.1579 16.5138 14.048C16.2213 13.9381 15.8913 14.021 15.6856 14.2562L14.1597 16H12.75C12.3358 16 12 16.3358 12 16.75V18.25C12 18.6642 12.3358 19 12.75 19H14.1597L15.6856 20.7439C15.8913 20.9791 16.2213 21.062 16.5138 20.9521C16.8063 20.8422 17 20.5625 17 20.25V14.75Z\" fill=\"#212121\"><\/path><\/svg>\t\t\t\t\t\t<\/span>\n\t\t\t\t\t\t\t\t\t\t<span class=\"elementor-icon-list-text\">+55 (11) 5588-4021<\/span>\n\t\t\t\t\t\t\t\t\t<\/li>\n\t\t\t\t\t\t<\/ul>\n\t\t\t\t\t\t<\/div>\n\t\t\t\t<\/div>\n\t\t\t\t<div class=\"elementor-element elementor-element-f841b1f elementor-widget__width-initial elementor-icon-list--layout-traditional elementor-list-item-link-full_width elementor-widget elementor-widget-icon-list\" data-id=\"f841b1f\" data-element_type=\"widget\" data-e-type=\"widget\" data-no-translation=\"\" data-widget_type=\"icon-list.default\">\n\t\t\t\t<div class=\"elementor-widget-container\">\n\t\t\t\t\t\t\t<ul class=\"elementor-icon-list-items\">\n\t\t\t\t\t\t\t<li class=\"elementor-icon-list-item\">\n\t\t\t\t\t\t\t\t\t\t\t<span class=\"elementor-icon-list-icon\">\n\t\t\t\t\t\t\t<svg xmlns=\"http:\/\/www.w3.org\/2000\/svg\" width=\"24\" height=\"24\" viewbox=\"0 0 24 24\" fill=\"none\"><path d=\"M13.75 2C14.9926 2 16 3.00736 16 4.25V12.9234C15.6318 12.9743 15.2705 13.1469 14.9733 13.4639L14.5 13.9687V4.25C14.5 3.83579 14.1642 3.5 13.75 3.5H6.25C5.83579 3.5 5.5 3.83579 5.5 4.25V19.75C5.5 20.1642 5.83579 20.5 6.25 20.5H13.75C13.827 20.5 13.9013 20.4884 13.9713 20.4668L14.9733 21.5356C14.9934 21.557 15.0137 21.5777 15.0342 21.5977C14.6701 21.8513 14.2274 22 13.75 22H6.25C5.00736 22 4 20.9926 4 19.75V4.25C4 3.00736 5.00736 2 6.25 2H13.75ZM8.74887 17.5038L11 17.5004V19.0004L8.75113 19.0038C8.33692 19.0044 8.00062 18.6691 8 18.2549C7.99938 17.8407 8.33466 17.5044 8.74887 17.5038ZM22.1432 14.3016C21.815 13.7548 21.4783 13.3806 21.2302 13.1739C20.912 12.9087 20.4391 12.9517 20.1739 13.2699C19.9087 13.5881 19.9517 14.061 20.2699 14.3262C20.3968 14.4319 20.6226 14.6828 20.8569 15.0734C21.2583 15.7424 21.5 16.5481 21.5 17.5C21.5 18.4519 21.2583 19.2576 20.8569 19.9266C20.6226 20.3173 20.3968 20.5681 20.2699 20.6739C19.9517 20.939 19.9087 21.4119 20.1739 21.7302C20.4391 22.0484 20.912 22.0914 21.2302 21.8262C21.4783 21.6194 21.815 21.2453 22.1432 20.6984C22.6793 19.8049 23 18.7356 23 17.5C23 16.2644 22.6793 15.1951 22.1432 14.3016ZM19.8741 15.3965C19.635 15.0378 19.3885 14.7914 19.2 14.65C18.8687 14.4015 18.3986 14.4686 18.15 14.8C17.9015 15.1314 17.9687 15.6015 18.3 15.85C18.3616 15.8962 18.4901 16.0247 18.626 16.2285C18.86 16.5795 19 16.9997 19 17.5C19 18.0003 18.86 18.4205 18.626 18.7715C18.4901 18.9753 18.3616 19.1039 18.3 19.15L18.2163 19.223C17.9591 19.4829 17.9241 19.8988 18.15 20.2C18.3986 20.5314 18.8687 20.5985 19.2 20.35C19.3885 20.2087 19.635 19.9622 19.8741 19.6035C20.2651 19.017 20.5 18.3122 20.5 17.5C20.5 16.6878 20.2651 15.983 19.8741 15.3965ZM17 14.75C17 14.4376 16.8063 14.1579 16.5138 14.048C16.2213 13.9381 15.8913 14.021 15.6856 14.2562L14.1597 16H12.75C12.3358 16 12 16.3358 12 16.75V18.25C12 18.6642 12.3358 19 12.75 19H14.1597L15.6856 20.7439C15.8913 20.9791 16.2213 21.062 16.5138 20.9521C16.8063 20.8422 17 20.5625 17 20.25V14.75Z\" fill=\"#212121\"><\/path><\/svg>\t\t\t\t\t\t<\/span>\n\t\t\t\t\t\t\t\t\t\t<span class=\"elementor-icon-list-text\">+55 (11) 5588-4021<\/span>\n\t\t\t\t\t\t\t\t\t<\/li>\n\t\t\t\t\t\t<\/ul>\n\t\t\t\t\t\t<\/div>\n\t\t\t\t<\/div>\n\t\t\t\t<div class=\"elementor-element elementor-element-205a093 elementor-widget__width-initial elementor-icon-list--layout-traditional elementor-list-item-link-full_width elementor-widget elementor-widget-icon-list\" data-id=\"205a093\" data-element_type=\"widget\" data-e-type=\"widget\" data-widget_type=\"icon-list.default\">\n\t\t\t\t<div class=\"elementor-widget-container\">\n\t\t\t\t\t<style>.elementor-element-205a093{display:none !important}<\/style>\t\t\t\t<\/div>\n\t\t\t\t<\/div>\n\t\t\t\t<div class=\"elementor-element elementor-element-43c07e7 elementor-widget__width-initial elementor-icon-list--layout-traditional elementor-list-item-link-full_width elementor-widget elementor-widget-icon-list\" data-id=\"43c07e7\" data-element_type=\"widget\" data-e-type=\"widget\" data-widget_type=\"icon-list.default\">\n\t\t\t\t<div class=\"elementor-widget-container\">\n\t\t\t\t\t\t\t<ul class=\"elementor-icon-list-items\">\n\t\t\t\t\t\t\t<li class=\"elementor-icon-list-item\">\n\t\t\t\t\t\t\t\t\t\t\t<span class=\"elementor-icon-list-icon\">\n\t\t\t\t\t\t\t<svg xmlns=\"http:\/\/www.w3.org\/2000\/svg\" width=\"24\" height=\"24\" viewbox=\"0 0 24 24\" fill=\"none\"><path d=\"M13.75 2C14.9926 2 16 3.00736 16 4.25V12.9234C15.6318 12.9743 15.2705 13.1469 14.9733 13.4639L14.5 13.9687V4.25C14.5 3.83579 14.1642 3.5 13.75 3.5H6.25C5.83579 3.5 5.5 3.83579 5.5 4.25V19.75C5.5 20.1642 5.83579 20.5 6.25 20.5H13.75C13.827 20.5 13.9013 20.4884 13.9713 20.4668L14.9733 21.5356C14.9934 21.557 15.0137 21.5777 15.0342 21.5977C14.6701 21.8513 14.2274 22 13.75 22H6.25C5.00736 22 4 20.9926 4 19.75V4.25C4 3.00736 5.00736 2 6.25 2H13.75ZM8.74887 17.5038L11 17.5004V19.0004L8.75113 19.0038C8.33692 19.0044 8.00062 18.6691 8 18.2549C7.99938 17.8407 8.33466 17.5044 8.74887 17.5038ZM22.1432 14.3016C21.815 13.7548 21.4783 13.3806 21.2302 13.1739C20.912 12.9087 20.4391 12.9517 20.1739 13.2699C19.9087 13.5881 19.9517 14.061 20.2699 14.3262C20.3968 14.4319 20.6226 14.6828 20.8569 15.0734C21.2583 15.7424 21.5 16.5481 21.5 17.5C21.5 18.4519 21.2583 19.2576 20.8569 19.9266C20.6226 20.3173 20.3968 20.5681 20.2699 20.6739C19.9517 20.939 19.9087 21.4119 20.1739 21.7302C20.4391 22.0484 20.912 22.0914 21.2302 21.8262C21.4783 21.6194 21.815 21.2453 22.1432 20.6984C22.6793 19.8049 23 18.7356 23 17.5C23 16.2644 22.6793 15.1951 22.1432 14.3016ZM19.8741 15.3965C19.635 15.0378 19.3885 14.7914 19.2 14.65C18.8687 14.4015 18.3986 14.4686 18.15 14.8C17.9015 15.1314 17.9687 15.6015 18.3 15.85C18.3616 15.8962 18.4901 16.0247 18.626 16.2285C18.86 16.5795 19 16.9997 19 17.5C19 18.0003 18.86 18.4205 18.626 18.7715C18.4901 18.9753 18.3616 19.1039 18.3 19.15L18.2163 19.223C17.9591 19.4829 17.9241 19.8988 18.15 20.2C18.3986 20.5314 18.8687 20.5985 19.2 20.35C19.3885 20.2087 19.635 19.9622 19.8741 19.6035C20.2651 19.017 20.5 18.3122 20.5 17.5C20.5 16.6878 20.2651 15.983 19.8741 15.3965ZM17 14.75C17 14.4376 16.8063 14.1579 16.5138 14.048C16.2213 13.9381 15.8913 14.021 15.6856 14.2562L14.1597 16H12.75C12.3358 16 12 16.3358 12 16.75V18.25C12 18.6642 12.3358 19 12.75 19H14.1597L15.6856 20.7439C15.8913 20.9791 16.2213 21.062 16.5138 20.9521C16.8063 20.8422 17 20.5625 17 20.25V14.75Z\" fill=\"#212121\"><\/path><\/svg>\t\t\t\t\t\t<\/span>\n\t\t\t\t\t\t\t\t\t\t<span class=\"elementor-icon-list-text\">+1 (786) 253-3799<\/span>\n\t\t\t\t\t\t\t\t\t<\/li>\n\t\t\t\t\t\t<\/ul>\n\t\t\t\t\t\t<\/div>\n\t\t\t\t<\/div>\n\t\t\t\t<div class=\"elementor-element elementor-element-7f12af4 elementor-widget__width-initial elementor-icon-list--layout-traditional elementor-list-item-link-full_width elementor-widget elementor-widget-icon-list\" data-id=\"7f12af4\" data-element_type=\"widget\" data-e-type=\"widget\" data-widget_type=\"icon-list.default\">\n\t\t\t\t<div class=\"elementor-widget-container\">\n\t\t\t\t\t\t\t<ul class=\"elementor-icon-list-items\">\n\t\t\t\t\t\t\t<li class=\"elementor-icon-list-item\">\n\t\t\t\t\t\t\t\t\t\t\t<span class=\"elementor-icon-list-icon\">\n\t\t\t\t\t\t\t<svg xmlns=\"http:\/\/www.w3.org\/2000\/svg\" width=\"24\" height=\"24\" viewbox=\"0 0 24 24\" fill=\"none\"><path d=\"M2.99946 7.51126C2.09768 8.08885 1.5 9.09963 1.5 10.25V16.25C1.5 19.1495 3.85051 21.5 6.75 21.5H15.75C16.9004 21.5 17.9112 20.9023 18.4887 20.0005L6.75 20C4.67893 20 3 18.3211 3 16.25L2.99946 7.51126ZM18.75 4H7.25C5.51697 4 4.10075 5.35645 4.00514 7.06558L4 7.25V15.75C4 17.483 5.35645 18.8992 7.06558 18.9949L7.25 19H18.75C20.483 19 21.8992 17.6435 21.9949 15.9344L22 15.75V7.25C22 5.51697 20.6435 4.10075 18.9344 4.00514L18.75 4ZM5.5 8.899L12.6507 12.6637C12.8381 12.7623 13.0569 12.7764 13.2532 12.706L13.3493 12.6637L20.5 8.9V15.75C20.5 16.6682 19.7929 17.4212 18.8935 17.4942L18.75 17.5H7.25C6.33183 17.5 5.57881 16.7929 5.5058 15.8935L5.5 15.75V8.899ZM7.25 5.5H18.75C19.6682 5.5 20.4212 6.20711 20.4942 7.10647L20.498 7.206L13 11.1525L5.50057 7.20483C5.52453 6.25921 6.2986 5.5 7.25 5.5Z\" fill=\"#212121\"><\/path><\/svg>\t\t\t\t\t\t<\/span>\n\t\t\t\t\t\t\t\t\t\t<span class=\"elementor-icon-list-text\">contact@piavecosmetics.com<\/span>\n\t\t\t\t\t\t\t\t\t<\/li>\n\t\t\t\t\t\t<\/ul>\n\t\t\t\t\t\t<\/div>\n\t\t\t\t<\/div>\n\t\t\t\t<\/div>\n\t\t\t\t\t<\/div>\n\t\t\t\t<\/div>\n\t\t\t\t<\/div>","protected":false},"excerpt":{"rendered":"<p>IN\u00cdCIO Preencha o formul\u00e1rio abaixo para entrar em contato conosco. Nossa equipe retornar\u00e1 o seu contato o mais breve possivel. Informa\u00e7\u00f5es de contato Rua Charles Hoyt, 184 Vila Fachini, S\u00e3o Paulo-SP, CEP: 04334-070 +55 (11) 5588-4021 +55 (11) 5588-4021 +1 (786) 253-3799 sac@piavecosmetics.com<\/p>","protected":false},"author":2,"featured_media":0,"parent":0,"menu_order":8,"comment_status":"closed","ping_status":"closed","template":"","meta":{"footnotes":""},"class_list":["post-382","page","type-page","status-publish","hentry"],"yoast_head":"<!-- This site is optimized with the Yoast SEO plugin v24.9 - https:\/\/yoast.com\/wordpress\/plugins\/seo\/ -->\n<title>Contato - Piave Cosmetics<\/title>\n<meta name=\"robots\" content=\"index, follow, max-snippet:-1, max-image-preview:large, max-video-preview:-1\" \/>\n<link rel=\"canonical\" href=\"https:\/\/piavepro.com\/es\/wp-json\/wp\/v2\/pages\/382\" \/>\n<meta property=\"og:locale\" content=\"es_ES\" \/>\n<meta property=\"og:type\" content=\"article\" \/>\n<meta property=\"og:title\" content=\"Contato - Piave Cosmetics\" \/>\n<meta property=\"og:description\" content=\"IN\u00cdCIO Preencha o formul\u00e1rio abaixo para entrar em contato conosco. Nossa equipe retornar\u00e1 o seu contato o mais breve possivel. Informa\u00e7\u00f5es de contato Rua Charles Hoyt, 184 Vila Fachini, S\u00e3o Paulo-SP, CEP: 04334-070 +55 (11) 5588-4021 +55 (11) 5588-4021 +1 (786) 253-3799 sac@piavecosmetics.com\" \/>\n<meta property=\"og:url\" content=\"https:\/\/piavepro.com\/es\/contato\/\" \/>\n<meta property=\"og:site_name\" content=\"Piave Cosmetics\" \/>\n<meta property=\"article:publisher\" content=\"https:\/\/www.facebook.com\/people\/Piave-Cosmetics\/61558217605398\/\" \/>\n<meta property=\"article:modified_time\" content=\"2024-10-02T20:25:06+00:00\" \/>\n<meta name=\"twitter:card\" content=\"summary_large_image\" \/>\n<meta name=\"twitter:label1\" content=\"Tiempo de lectura\" \/>\n\t<meta name=\"twitter:data1\" content=\"1 minuto\" \/>\n<script type=\"application\/ld+json\" class=\"yoast-schema-graph\">{\"@context\":\"https:\/\/schema.org\",\"@graph\":[{\"@type\":\"WebPage\",\"@id\":\"https:\/\/piavepro.com\/contato\/\",\"url\":\"https:\/\/piavepro.com\/contato\/\",\"name\":\"Contato - Piave Cosmetics\",\"isPartOf\":{\"@id\":\"https:\/\/piavepro.com\/#website\"},\"datePublished\":\"2024-05-17T15:04:19+00:00\",\"dateModified\":\"2024-10-02T20:25:06+00:00\",\"breadcrumb\":{\"@id\":\"https:\/\/piavepro.com\/contato\/#breadcrumb\"},\"inLanguage\":\"es\",\"potentialAction\":[{\"@type\":\"ReadAction\",\"target\":[\"https:\/\/piavepro.com\/contato\/\"]}]},{\"@type\":\"BreadcrumbList\",\"@id\":\"https:\/\/piavepro.com\/contato\/#breadcrumb\",\"itemListElement\":[{\"@type\":\"ListItem\",\"position\":1,\"name\":\"In\u00edcio\",\"item\":\"https:\/\/piavepro.com\/\"},{\"@type\":\"ListItem\",\"position\":2,\"name\":\"Contato\"}]},{\"@type\":\"WebSite\",\"@id\":\"https:\/\/piavepro.com\/#website\",\"url\":\"https:\/\/piavepro.com\/\",\"name\":\"Piave Cosmetics\",\"description\":\"\",\"publisher\":{\"@id\":\"https:\/\/piavepro.com\/#organization\"},\"potentialAction\":[{\"@type\":\"SearchAction\",\"target\":{\"@type\":\"EntryPoint\",\"urlTemplate\":\"https:\/\/piavepro.com\/?s={search_term_string}\"},\"query-input\":{\"@type\":\"PropertyValueSpecification\",\"valueRequired\":true,\"valueName\":\"search_term_string\"}}],\"inLanguage\":\"es\"},{\"@type\":\"Organization\",\"@id\":\"https:\/\/piavepro.com\/#organization\",\"name\":\"Piave Cosmetics\",\"url\":\"https:\/\/piavepro.com\/\",\"logo\":{\"@type\":\"ImageObject\",\"inLanguage\":\"es\",\"@id\":\"https:\/\/piavepro.com\/#\/schema\/logo\/image\/\",\"url\":\"https:\/\/piavepro.com\/wp-content\/uploads\/2024\/05\/marca-piave.webp\",\"contentUrl\":\"https:\/\/piavepro.com\/wp-content\/uploads\/2024\/05\/marca-piave.webp\",\"width\":224,\"height\":100,\"caption\":\"Piave Cosmetics\"},\"image\":{\"@id\":\"https:\/\/piavepro.com\/#\/schema\/logo\/image\/\"},\"sameAs\":[\"https:\/\/www.facebook.com\/people\/Piave-Cosmetics\/61558217605398\/\",\"https:\/\/www.instagram.com\/piavecosmetics\/\",\"https:\/\/www.tiktok.com\/@piavecosmetics\"]}]}<\/script>\n<!-- \/ Yoast SEO plugin. -->","yoast_head_json":{"title":"Contato - Piave Cosmetics","robots":{"index":"index","follow":"follow","max-snippet":"max-snippet:-1","max-image-preview":"max-image-preview:large","max-video-preview":"max-video-preview:-1"},"canonical":"https:\/\/piavepro.com\/es\/wp-json\/wp\/v2\/pages\/382","og_locale":"es_ES","og_type":"article","og_title":"Contato - Piave Cosmetics","og_description":"IN\u00cdCIO Preencha o formul\u00e1rio abaixo para entrar em contato conosco. Nossa equipe retornar\u00e1 o seu contato o mais breve possivel. Informa\u00e7\u00f5es de contato Rua Charles Hoyt, 184 Vila Fachini, S\u00e3o Paulo-SP, CEP: 04334-070 +55 (11) 5588-4021 +55 (11) 5588-4021 +1 (786) 253-3799 sac@piavecosmetics.com","og_url":"https:\/\/piavepro.com\/es\/contato\/","og_site_name":"Piave Cosmetics","article_publisher":"https:\/\/www.facebook.com\/people\/Piave-Cosmetics\/61558217605398\/","article_modified_time":"2024-10-02T20:25:06+00:00","twitter_card":"summary_large_image","twitter_misc":{"Tiempo de lectura":"1 minuto"},"schema":{"@context":"https:\/\/schema.org","@graph":[{"@type":"WebPage","@id":"https:\/\/piavepro.com\/contato\/","url":"https:\/\/piavepro.com\/contato\/","name":"Contato - Piave Cosmetics","isPartOf":{"@id":"https:\/\/piavepro.com\/#website"},"datePublished":"2024-05-17T15:04:19+00:00","dateModified":"2024-10-02T20:25:06+00:00","breadcrumb":{"@id":"https:\/\/piavepro.com\/contato\/#breadcrumb"},"inLanguage":"es","potentialAction":[{"@type":"ReadAction","target":["https:\/\/piavepro.com\/contato\/"]}]},{"@type":"BreadcrumbList","@id":"https:\/\/piavepro.com\/contato\/#breadcrumb","itemListElement":[{"@type":"ListItem","position":1,"name":"In\u00edcio","item":"https:\/\/piavepro.com\/"},{"@type":"ListItem","position":2,"name":"Contato"}]},{"@type":"WebSite","@id":"https:\/\/piavepro.com\/#website","url":"https:\/\/piavepro.com\/","name":"Piave Cosmetics","description":"","publisher":{"@id":"https:\/\/piavepro.com\/#organization"},"potentialAction":[{"@type":"SearchAction","target":{"@type":"EntryPoint","urlTemplate":"https:\/\/piavepro.com\/?s={search_term_string}"},"query-input":{"@type":"PropertyValueSpecification","valueRequired":true,"valueName":"search_term_string"}}],"inLanguage":"es"},{"@type":"Organization","@id":"https:\/\/piavepro.com\/#organization","name":"Piave Cosmetics","url":"https:\/\/piavepro.com\/","logo":{"@type":"ImageObject","inLanguage":"es","@id":"https:\/\/piavepro.com\/#\/schema\/logo\/image\/","url":"https:\/\/piavepro.com\/wp-content\/uploads\/2024\/05\/marca-piave.webp","contentUrl":"https:\/\/piavepro.com\/wp-content\/uploads\/2024\/05\/marca-piave.webp","width":224,"height":100,"caption":"Piave Cosmetics"},"image":{"@id":"https:\/\/piavepro.com\/#\/schema\/logo\/image\/"},"sameAs":["https:\/\/www.facebook.com\/people\/Piave-Cosmetics\/61558217605398\/","https:\/\/www.instagram.com\/piavecosmetics\/","https:\/\/www.tiktok.com\/@piavecosmetics"]}]}},"_links":{"self":[{"href":"https:\/\/piavepro.com\/es\/wp-json\/wp\/v2\/pages\/382","targetHints":{"allow":["GET"]}}],"collection":[{"href":"https:\/\/piavepro.com\/es\/wp-json\/wp\/v2\/pages"}],"about":[{"href":"https:\/\/piavepro.com\/es\/wp-json\/wp\/v2\/types\/page"}],"author":[{"embeddable":true,"href":"https:\/\/piavepro.com\/es\/wp-json\/wp\/v2\/users\/2"}],"replies":[{"embeddable":true,"href":"https:\/\/piavepro.com\/es\/wp-json\/wp\/v2\/comments?post=382"}],"version-history":[{"count":28,"href":"https:\/\/piavepro.com\/es\/wp-json\/wp\/v2\/pages\/382\/revisions"}],"predecessor-version":[{"id":2484,"href":"https:\/\/piavepro.com\/es\/wp-json\/wp\/v2\/pages\/382\/revisions\/2484"}],"wp:attachment":[{"href":"https:\/\/piavepro.com\/es\/wp-json\/wp\/v2\/media?parent=382"}],"curies":[{"name":"wp","href":"https:\/\/api.w.org\/{rel}","templated":true}]}}